{"id":9506,"date":"2023-02-21T17:33:39","date_gmt":"2023-02-21T16:33:39","guid":{"rendered":"https:\/\/hillbar.fr\/produit\/granola\/"},"modified":"2023-03-02T13:44:30","modified_gmt":"2023-03-02T12:44:30","slug":"granola","status":"publish","type":"product","link":"https:\/\/hillbar.fr\/it\/produit\/granola\/","title":{"rendered":"Granola"},"content":{"rendered":"<div><strong>Ingredienti<\/strong>: Fiocchi d&#8217;avena, semi misti (semi di sesamo, semi di lino), frutta secca, nocciole, mandorle, fave di cacao, zucchero, miele, albume d&#8217;uovo, olio di arachidi, BURRO.<\/div>\n<div><\/div>\n<div><strong>Peso netto<\/strong>: 500 g.<\/div>\n","protected":false},"excerpt":{"rendered":"<div>\n<p><span data-sheets-value=\"{\"1\":2,\"2\":\"Croustillant et gourmand, le granola HillBar saura sublimer tes p'tits d\u00e9j ! Il marie \u00e0 merveille la noisette du pi\u00e9mont et le gru\u00e9 de cacao caram\u00e9lis\u00e9 pour un plaisir gourmand et \u00e9quilibr\u00e9. \"}\" data-sheets-userformat=\"{\"2\":15233,\"3\":{\"1\":0},\"10\":2,\"11\":0,\"12\":0,\"14\":{\"1\":2,\"2\":0},\"15\":\"Calibri, sans-serif\",\"16\":12}\">Croccante e gustosa, la granola HillBar render\u00e0 la vostra colazione un vero piacere!<\/span><\/p>\n<p>&nbsp;<\/p>\n<\/div>\n","protected":false},"featured_media":9500,"template":"","meta":[],"product_brand":[],"product_cat":[123],"product_tag":[],"class_list":{"0":"post-9506","1":"product","2":"type-product","3":"status-publish","4":"has-post-thumbnail","6":"product_cat-drogheria","8":"entry","9":"has-media","11":"first","12":"outofstock","13":"taxable","14":"shipping-taxable","15":"purchasable","16":"product-type-simple","17":"has-product-nav","18":"col","19":"span_1_of_4","20":"owp-content-center","21":"owp-thumbs-layout-horizontal","22":"owp-btn-normal","23":"owp-tabs-layout-horizontal","24":"has-no-thumbnails"},"jetpack_sharing_enabled":true,"_links":{"self":[{"href":"https:\/\/hillbar.fr\/it\/wp-json\/wp\/v2\/product\/9506","targetHints":{"allow":["GET"]}}],"collection":[{"href":"https:\/\/hillbar.fr\/it\/wp-json\/wp\/v2\/product"}],"about":[{"href":"https:\/\/hillbar.fr\/it\/wp-json\/wp\/v2\/types\/product"}],"wp:featuredmedia":[{"embeddable":true,"href":"https:\/\/hillbar.fr\/it\/wp-json\/wp\/v2\/media\/9500"}],"wp:attachment":[{"href":"https:\/\/hillbar.fr\/it\/wp-json\/wp\/v2\/media?parent=9506"}],"wp:term":[{"taxonomy":"product_brand","embeddable":true,"href":"https:\/\/hillbar.fr\/it\/wp-json\/wp\/v2\/product_brand?post=9506"},{"taxonomy":"product_cat","embeddable":true,"href":"https:\/\/hillbar.fr\/it\/wp-json\/wp\/v2\/product_cat?post=9506"},{"taxonomy":"product_tag","embeddable":true,"href":"https:\/\/hillbar.fr\/it\/wp-json\/wp\/v2\/product_tag?post=9506"}],"curies":[{"name":"wp","href":"https:\/\/api.w.org\/{rel}","templated":true}]}}