{"id":7693,"date":"2020-11-01T22:45:20","date_gmt":"2020-11-01T21:45:20","guid":{"rendered":"https:\/\/hillbar.fr\/produit\/nocciole-piemonte-rivestite\/"},"modified":"2023-03-15T13:18:41","modified_gmt":"2023-03-15T12:18:41","slug":"condimento-alle-nocciole","status":"publish","type":"product","link":"https:\/\/hillbar.fr\/it\/produit\/condimento-alle-nocciole\/","title":{"rendered":"Nocciole Piemonte rivestite"},"content":{"rendered":"<p><strong>Peso netto:<\/strong> 100 g<\/p>\n","protected":false},"excerpt":{"rendered":"<p><span data-sheets-value=\"{\"1\":2,\"2\":\"D\u00e9licatement parfum\u00e9e et torr\u00e9fiee, la noisette du pi\u00e9mont est ici caram\u00e9lis\u00e9e puis enrob\u00e9e de chocolat noir d'origine Sao Tom\u00e9.\"}\" data-sheets-userformat=\"{\"2\":15233,\"3\":{\"1\":0},\"10\":2,\"11\":0,\"12\":0,\"14\":{\"1\":2,\"2\":0},\"15\":\"Calibri, sans-serif\",\"16\":12}\">Delicatamente aromatizzata e tostata, la nocciola piemontese viene caramellata e poi ricoperta di cioccolato fondente di Sao Tom\u00e9.<\/span><\/p>\n<p>&nbsp;<\/p>\n","protected":false},"featured_media":7297,"template":"","meta":[],"product_brand":[],"product_cat":[123,136],"product_tag":[],"class_list":{"0":"post-7693","1":"product","2":"type-product","3":"status-publish","4":"has-post-thumbnail","6":"product_cat-drogheria","7":"product_cat-nocciola","9":"entry","10":"has-media","12":"first","13":"instock","14":"taxable","15":"shipping-taxable","16":"purchasable","17":"product-type-simple","18":"has-product-nav","19":"col","20":"span_1_of_4","21":"owp-content-center","22":"owp-thumbs-layout-horizontal","23":"owp-btn-normal","24":"owp-tabs-layout-horizontal","25":"has-no-thumbnails"},"jetpack_sharing_enabled":true,"_links":{"self":[{"href":"https:\/\/hillbar.fr\/it\/wp-json\/wp\/v2\/product\/7693","targetHints":{"allow":["GET"]}}],"collection":[{"href":"https:\/\/hillbar.fr\/it\/wp-json\/wp\/v2\/product"}],"about":[{"href":"https:\/\/hillbar.fr\/it\/wp-json\/wp\/v2\/types\/product"}],"wp:featuredmedia":[{"embeddable":true,"href":"https:\/\/hillbar.fr\/it\/wp-json\/wp\/v2\/media\/7297"}],"wp:attachment":[{"href":"https:\/\/hillbar.fr\/it\/wp-json\/wp\/v2\/media?parent=7693"}],"wp:term":[{"taxonomy":"product_brand","embeddable":true,"href":"https:\/\/hillbar.fr\/it\/wp-json\/wp\/v2\/product_brand?post=7693"},{"taxonomy":"product_cat","embeddable":true,"href":"https:\/\/hillbar.fr\/it\/wp-json\/wp\/v2\/product_cat?post=7693"},{"taxonomy":"product_tag","embeddable":true,"href":"https:\/\/hillbar.fr\/it\/wp-json\/wp\/v2\/product_tag?post=7693"}],"curies":[{"name":"wp","href":"https:\/\/api.w.org\/{rel}","templated":true}]}}