{"id":7689,"date":"2020-12-01T15:28:44","date_gmt":"2020-12-01T14:28:44","guid":{"rendered":"https:\/\/hillbar.fr\/produit\/scatola-di-granuli-di-nocciola-e-cioccolata-calda\/"},"modified":"2023-03-08T16:52:29","modified_gmt":"2023-03-08T15:52:29","slug":"scatola-nocciola-granuli-per-cioccolato-caldo","status":"publish","type":"product","link":"https:\/\/hillbar.fr\/it\/produit\/scatola-nocciola-granuli-per-cioccolato-caldo\/","title":{"rendered":"Scatola di granuli di nocciola e cioccolata calda"},"content":{"rendered":"<p><strong>Peso netto :<\/strong> <span data-sheets-value=\"{\"1\":3,\"3\":360}\" data-sheets-userformat=\"{\"2\":513,\"3\":{\"1\":0},\"12\":0}\">360 g<\/span><\/p>\n","protected":false},"excerpt":{"rendered":"<p><span data-sheets-value=\"{\"1\":2,\"2\":\"Id\u00e9al pour ton petit-dej : les granul\u00e9s pour un chocolat chaud ultra gourmand &amp; une p\u00e2te \u00e0 tartiner Nocciola pour \u00e9veiller tes papilles. \"}\" data-sheets-userformat=\"{\"2\":513,\"3\":{\"1\":0},\"12\":0}\">Ideale per la colazione: i granuli per una cioccolata calda ultra-golosa e una crema spalmabile alla Nocciola per risvegliare le papille gustative.  <\/span><\/p>\n<p><span data-sheets-value=\"{\"1\":2,\"2\":\"P\u00e2te \u00e0 tartiner Nocciola &amp; granul\u00e9s pour chocolat chaud \"}\" data-sheets-userformat=\"{\"2\":513,\"3\":{\"1\":0},\"12\":0}\">Crema spalmabile Nocciola e granuli di cioccolato caldo  <\/span><\/p>\n<p>&nbsp;<\/p>\n","protected":false},"featured_media":7287,"template":"","meta":[],"product_brand":[],"product_cat":[125,127],"product_tag":[],"class_list":{"0":"post-7689","1":"product","2":"type-product","3":"status-publish","4":"has-post-thumbnail","6":"product_cat-spread","7":"product_cat-scatole","9":"entry","10":"has-media","12":"first","13":"instock","14":"taxable","15":"shipping-taxable","16":"purchasable","17":"product-type-simple","18":"has-product-nav","19":"col","20":"span_1_of_4","21":"owp-content-center","22":"owp-thumbs-layout-horizontal","23":"owp-btn-normal","24":"owp-tabs-layout-horizontal","25":"has-no-thumbnails"},"jetpack_sharing_enabled":true,"_links":{"self":[{"href":"https:\/\/hillbar.fr\/it\/wp-json\/wp\/v2\/product\/7689","targetHints":{"allow":["GET"]}}],"collection":[{"href":"https:\/\/hillbar.fr\/it\/wp-json\/wp\/v2\/product"}],"about":[{"href":"https:\/\/hillbar.fr\/it\/wp-json\/wp\/v2\/types\/product"}],"wp:featuredmedia":[{"embeddable":true,"href":"https:\/\/hillbar.fr\/it\/wp-json\/wp\/v2\/media\/7287"}],"wp:attachment":[{"href":"https:\/\/hillbar.fr\/it\/wp-json\/wp\/v2\/media?parent=7689"}],"wp:term":[{"taxonomy":"product_brand","embeddable":true,"href":"https:\/\/hillbar.fr\/it\/wp-json\/wp\/v2\/product_brand?post=7689"},{"taxonomy":"product_cat","embeddable":true,"href":"https:\/\/hillbar.fr\/it\/wp-json\/wp\/v2\/product_cat?post=7689"},{"taxonomy":"product_tag","embeddable":true,"href":"https:\/\/hillbar.fr\/it\/wp-json\/wp\/v2\/product_tag?post=7689"}],"curies":[{"name":"wp","href":"https:\/\/api.w.org\/{rel}","templated":true}]}}