{"id":7657,"date":"2020-12-01T15:27:07","date_gmt":"2020-12-01T14:27:07","guid":{"rendered":"https:\/\/hillbar.fr\/produit\/scatola-di-nocciola-e-grue\/"},"modified":"2023-03-08T16:52:25","modified_gmt":"2023-03-08T15:52:25","slug":"caso-nocciola-grano","status":"publish","type":"product","link":"https:\/\/hillbar.fr\/it\/produit\/caso-nocciola-grano\/","title":{"rendered":"Scatola di nocciola e gru\u00e9"},"content":{"rendered":"<p><strong>Peso netto :<\/strong> <span data-sheets-value=\"{\"1\":3,\"3\":340}\" data-sheets-userformat=\"{\"2\":513,\"3\":{\"1\":0},\"12\":0}\">340 g<\/span><\/p>\n","protected":false},"excerpt":{"rendered":"<p><span data-sheets-value=\"{\"1\":2,\"2\":\"R\u00e9alis\u00e9e en partie \u00e0 base de gru\u00e9 craam\u00e9lis\u00e9, on te propose de d\u00e9couvrir la p\u00e2te \u00e0 tartiner Nocciola acompagn\u00e9e de l'un de ces ingr\u00e9dients pur : le gru\u00e9 100%. Le gru\u00e9 peut s'utiliser en topping ou dans diverses pr\u00e9paration en p\u00e2tisserie.\"}\" data-sheets-userformat=\"{\"2\":6723,\"3\":{\"1\":0},\"4\":{\"1\":2,\"2\":16777215},\"9\":0,\"12\":0,\"14\":{\"1\":2,\"2\":0},\"15\":\"Arial\"}\">In parte realizzata con la graniglia, vi suggeriamo di scoprire la crema spalmabile Nocciola con uno dei suoi ingredienti puri: il 100% di graniglia. La granella pu\u00f2 essere utilizzata come guarnizione o in varie preparazioni di pasticceria.<\/span><\/p>\n<p><span data-sheets-value=\"{\"1\":2,\"2\":\"P\u00e2te \u00e0 tartiner Nocciola &amp; gru\u00e9 100%\"}\" data-sheets-userformat=\"{\"2\":513,\"3\":{\"1\":0},\"12\":0}\">Nocciola &amp; Gru\u00e9 100% Spread<\/span><\/p>\n<p>&nbsp;<\/p>\n","protected":false},"featured_media":7289,"template":"","meta":[],"product_brand":[],"product_cat":[125,127],"product_tag":[],"class_list":{"0":"post-7657","1":"product","2":"type-product","3":"status-publish","4":"has-post-thumbnail","6":"product_cat-spread","7":"product_cat-scatole","9":"entry","10":"has-media","12":"first","13":"instock","14":"taxable","15":"shipping-taxable","16":"purchasable","17":"product-type-simple","18":"has-product-nav","19":"col","20":"span_1_of_4","21":"owp-content-center","22":"owp-thumbs-layout-horizontal","23":"owp-btn-normal","24":"owp-tabs-layout-horizontal","25":"has-no-thumbnails"},"jetpack_sharing_enabled":true,"_links":{"self":[{"href":"https:\/\/hillbar.fr\/it\/wp-json\/wp\/v2\/product\/7657","targetHints":{"allow":["GET"]}}],"collection":[{"href":"https:\/\/hillbar.fr\/it\/wp-json\/wp\/v2\/product"}],"about":[{"href":"https:\/\/hillbar.fr\/it\/wp-json\/wp\/v2\/types\/product"}],"wp:featuredmedia":[{"embeddable":true,"href":"https:\/\/hillbar.fr\/it\/wp-json\/wp\/v2\/media\/7289"}],"wp:attachment":[{"href":"https:\/\/hillbar.fr\/it\/wp-json\/wp\/v2\/media?parent=7657"}],"wp:term":[{"taxonomy":"product_brand","embeddable":true,"href":"https:\/\/hillbar.fr\/it\/wp-json\/wp\/v2\/product_brand?post=7657"},{"taxonomy":"product_cat","embeddable":true,"href":"https:\/\/hillbar.fr\/it\/wp-json\/wp\/v2\/product_cat?post=7657"},{"taxonomy":"product_tag","embeddable":true,"href":"https:\/\/hillbar.fr\/it\/wp-json\/wp\/v2\/product_tag?post=7657"}],"curies":[{"name":"wp","href":"https:\/\/api.w.org\/{rel}","templated":true}]}}