{"id":7652,"date":"2021-02-01T09:05:21","date_gmt":"2021-02-01T08:05:21","guid":{"rendered":"https:\/\/hillbar.fr\/produit\/infuso-di-cacao\/"},"modified":"2023-03-08T14:04:41","modified_gmt":"2023-03-08T13:04:41","slug":"infusione-di-cacao","status":"publish","type":"product","link":"https:\/\/hillbar.fr\/it\/produit\/infusione-di-cacao\/","title":{"rendered":"Infuso di buccia di cacao"},"content":{"rendered":"<p><strong>Ingredienti : <\/strong><span data-sheets-value=\"{\"1\":2,\"2\":\"Ecorces de f\u00e8ves\"}\" data-sheets-userformat=\"{\"2\":15233,\"3\":{\"1\":0},\"10\":2,\"11\":0,\"12\":0,\"14\":{\"1\":2,\"2\":0},\"15\":\"Calibri, sans-serif\",\"16\":12}\">Mallo di fagiolo<\/span><\/p>\n<p><strong>Peso netto:<\/strong> 90 g<\/p>\n","protected":false},"excerpt":{"rendered":"<p><span data-sheets-value=\"{\"1\":2,\"2\":\"Gourmande et r\u00e9confortante, l'infusion d'\u00e9corces saura r\u00e9chauffer vos papilles d'amoureux du chocolat \"}\" data-sheets-userformat=\"{\"2\":15233,\"3\":{\"1\":0},\"10\":2,\"11\":0,\"12\":0,\"14\":{\"1\":2,\"2\":0},\"15\":\"Calibri, sans-serif\",\"16\":12}\">Goloso e confortante, l&#8217;infuso di cortecce riscalder\u00e0 le papille gustative degli amanti del cioccolato  <\/span><\/p>\n<p>&nbsp;<\/p>\n","protected":false},"featured_media":7325,"template":"","meta":[],"product_brand":[],"product_cat":[128,123],"product_tag":[],"class_list":{"0":"post-7652","1":"product","2":"type-product","3":"status-publish","4":"has-post-thumbnail","6":"product_cat-derivati","7":"product_cat-drogheria","9":"entry","10":"has-media","12":"first","13":"instock","14":"taxable","15":"shipping-taxable","16":"purchasable","17":"product-type-simple","18":"has-product-nav","19":"col","20":"span_1_of_4","21":"owp-content-center","22":"owp-thumbs-layout-horizontal","23":"owp-btn-normal","24":"owp-tabs-layout-horizontal","25":"has-no-thumbnails"},"jetpack_sharing_enabled":true,"_links":{"self":[{"href":"https:\/\/hillbar.fr\/it\/wp-json\/wp\/v2\/product\/7652","targetHints":{"allow":["GET"]}}],"collection":[{"href":"https:\/\/hillbar.fr\/it\/wp-json\/wp\/v2\/product"}],"about":[{"href":"https:\/\/hillbar.fr\/it\/wp-json\/wp\/v2\/types\/product"}],"wp:featuredmedia":[{"embeddable":true,"href":"https:\/\/hillbar.fr\/it\/wp-json\/wp\/v2\/media\/7325"}],"wp:attachment":[{"href":"https:\/\/hillbar.fr\/it\/wp-json\/wp\/v2\/media?parent=7652"}],"wp:term":[{"taxonomy":"product_brand","embeddable":true,"href":"https:\/\/hillbar.fr\/it\/wp-json\/wp\/v2\/product_brand?post=7652"},{"taxonomy":"product_cat","embeddable":true,"href":"https:\/\/hillbar.fr\/it\/wp-json\/wp\/v2\/product_cat?post=7652"},{"taxonomy":"product_tag","embeddable":true,"href":"https:\/\/hillbar.fr\/it\/wp-json\/wp\/v2\/product_tag?post=7652"}],"curies":[{"name":"wp","href":"https:\/\/api.w.org\/{rel}","templated":true}]}}