{"id":7646,"date":"2020-12-01T15:23:57","date_gmt":"2020-12-01T14:23:57","guid":{"rendered":"https:\/\/hillbar.fr\/produit\/scatola-di-mix-di-gianduia-e-caramello\/"},"modified":"2023-03-08T16:54:01","modified_gmt":"2023-03-08T15:54:01","slug":"scatola-gianduia-miscela-caramellata","status":"publish","type":"product","link":"https:\/\/hillbar.fr\/it\/produit\/scatola-gianduia-miscela-caramellata\/","title":{"rendered":"Scatola di mix di gianduia e caramello"},"content":{"rendered":"<p><strong>Peso netto:<\/strong> 320 g<\/p>\n","protected":false},"excerpt":{"rendered":"<p><span data-sheets-value=\"{\"1\":2,\"2\":\"R\u00e9alis\u00e9e en partie \u00e0 base de gru\u00e9 caram\u00e9lis\u00e9, on te propose de d\u00e9couvrir la p\u00e2te \u00e0 tartiner Gianduja acompagn\u00e9e d'un mix caram\u00e9lis\u00e9 o\u00f9 tu pourras retrouver pistaches, noisettes, amandes et gru\u00e9, le tout caram\u00e9lis\u00e9. \"}\" data-sheets-userformat=\"{\"2\":513,\"3\":{\"1\":0},\"12\":0}\">In parte a base di granella caramellata, vi suggeriamo di scoprire la crema spalmabile al gianduia con un mix caramellato in cui si trovano pistacchi, nocciole, mandorle e granella, tutti caramellati.  <\/span><\/p>\n<p><span data-sheets-value=\"{\"1\":2,\"2\":\"P\u00e2te \u00e0 tartiner Gianduja &amp; mix caram\u00e9lis\u00e9\"}\" data-sheets-userformat=\"{\"2\":513,\"3\":{\"1\":0},\"12\":0}\">Crema spalmabile al gianduia e caramello<\/span><\/p>\n<p>&nbsp;<\/p>\n","protected":false},"featured_media":7274,"template":"","meta":[],"product_brand":[],"product_cat":[125,127],"product_tag":[],"class_list":{"0":"post-7646","1":"product","2":"type-product","3":"status-publish","4":"has-post-thumbnail","6":"product_cat-spread","7":"product_cat-scatole","9":"entry","10":"has-media","12":"first","13":"instock","14":"taxable","15":"shipping-taxable","16":"purchasable","17":"product-type-simple","18":"has-product-nav","19":"col","20":"span_1_of_4","21":"owp-content-center","22":"owp-thumbs-layout-horizontal","23":"owp-btn-normal","24":"owp-tabs-layout-horizontal","25":"has-no-thumbnails"},"jetpack_sharing_enabled":true,"_links":{"self":[{"href":"https:\/\/hillbar.fr\/it\/wp-json\/wp\/v2\/product\/7646","targetHints":{"allow":["GET"]}}],"collection":[{"href":"https:\/\/hillbar.fr\/it\/wp-json\/wp\/v2\/product"}],"about":[{"href":"https:\/\/hillbar.fr\/it\/wp-json\/wp\/v2\/types\/product"}],"wp:featuredmedia":[{"embeddable":true,"href":"https:\/\/hillbar.fr\/it\/wp-json\/wp\/v2\/media\/7274"}],"wp:attachment":[{"href":"https:\/\/hillbar.fr\/it\/wp-json\/wp\/v2\/media?parent=7646"}],"wp:term":[{"taxonomy":"product_brand","embeddable":true,"href":"https:\/\/hillbar.fr\/it\/wp-json\/wp\/v2\/product_brand?post=7646"},{"taxonomy":"product_cat","embeddable":true,"href":"https:\/\/hillbar.fr\/it\/wp-json\/wp\/v2\/product_cat?post=7646"},{"taxonomy":"product_tag","embeddable":true,"href":"https:\/\/hillbar.fr\/it\/wp-json\/wp\/v2\/product_tag?post=7646"}],"curies":[{"name":"wp","href":"https:\/\/api.w.org\/{rel}","templated":true}]}}