{"id":7635,"date":"2021-05-01T10:44:57","date_gmt":"2021-05-01T09:44:57","guid":{"rendered":"https:\/\/hillbar.fr\/produit\/rochers-al-cioccolato-al-latte\/"},"modified":"2023-03-08T14:01:07","modified_gmt":"2023-03-08T13:01:07","slug":"latte-cioccolato-croccantini","status":"publish","type":"product","link":"https:\/\/hillbar.fr\/it\/produit\/latte-cioccolato-croccantini\/","title":{"rendered":"Rochers al cioccolato al latte"},"content":{"rendered":"<p><strong>Ingredienti:  <\/strong><br \/>\n<span data-sheets-value=\"{\"1\":2,\"2\":\"f\u00e8ves de cacao bio, sucre de betterave bio, lait, m\u00e9lange de graines caram\u00e9lis\u00e9es (s\u00e9same, lin, graines de tournesol), flocons d\u2019avoine, pistache, fleur de sel\"}\" data-sheets-userformat=\"{\"2\":14849,\"3\":{\"1\":0},\"12\":0,\"14\":{\"1\":2,\"2\":0},\"15\":\"Calibri, sans-serif\",\"16\":11}\">fave di cacao bio, zucchero di barbabietola bio, latte, mix di semi caramellati (sesamo, lino, semi di girasole), fiocchi d&#8217;avena, pistacchio, fleur de sel<\/span><\/p>\n<p><strong>Peso netto:<\/strong> 100 g<\/p>\n<p>Senza lecitina, senza burro di cacao aggiunto. Prodotto in un laboratorio che utilizza frutta a guscio, latte e glutine.<\/p>\n","protected":false},"excerpt":{"rendered":"<p><span data-sheets-value=\"{\"1\":2,\"2\":\"Avoine, pistache et fleur de sel, tout cela dans un seul rocher, que du bonheur !\"}\" data-sheets-userformat=\"{\"2\":15233,\"3\":{\"1\":0},\"10\":2,\"11\":0,\"12\":0,\"14\":{\"1\":2,\"2\":0},\"15\":\"Calibri, sans-serif\",\"16\":12}\">Avena, pistacchio e fleur de sel, tutto in una roccia, che delizia!<\/span><\/p>\n<p>&nbsp;<\/p>\n","protected":false},"featured_media":7037,"template":"","meta":[],"product_brand":[],"product_cat":[113],"product_tag":[],"class_list":{"0":"post-7635","1":"product","2":"type-product","3":"status-publish","4":"has-post-thumbnail","6":"product_cat-cioccolato","8":"entry","9":"has-media","11":"first","12":"instock","13":"taxable","14":"shipping-taxable","15":"purchasable","16":"product-type-simple","17":"has-product-nav","18":"col","19":"span_1_of_4","20":"owp-content-center","21":"owp-thumbs-layout-horizontal","22":"owp-btn-normal","23":"owp-tabs-layout-horizontal"},"jetpack_sharing_enabled":true,"_links":{"self":[{"href":"https:\/\/hillbar.fr\/it\/wp-json\/wp\/v2\/product\/7635","targetHints":{"allow":["GET"]}}],"collection":[{"href":"https:\/\/hillbar.fr\/it\/wp-json\/wp\/v2\/product"}],"about":[{"href":"https:\/\/hillbar.fr\/it\/wp-json\/wp\/v2\/types\/product"}],"wp:featuredmedia":[{"embeddable":true,"href":"https:\/\/hillbar.fr\/it\/wp-json\/wp\/v2\/media\/7037"}],"wp:attachment":[{"href":"https:\/\/hillbar.fr\/it\/wp-json\/wp\/v2\/media?parent=7635"}],"wp:term":[{"taxonomy":"product_brand","embeddable":true,"href":"https:\/\/hillbar.fr\/it\/wp-json\/wp\/v2\/product_brand?post=7635"},{"taxonomy":"product_cat","embeddable":true,"href":"https:\/\/hillbar.fr\/it\/wp-json\/wp\/v2\/product_cat?post=7635"},{"taxonomy":"product_tag","embeddable":true,"href":"https:\/\/hillbar.fr\/it\/wp-json\/wp\/v2\/product_tag?post=7635"}],"curies":[{"name":"wp","href":"https:\/\/api.w.org\/{rel}","templated":true}]}}