{"id":7620,"date":"2020-11-01T08:50:08","date_gmt":"2020-11-01T08:50:08","guid":{"rendered":"https:\/\/hillbar.fr\/produit\/n1-nocciole-tostate-del-piemonte\/"},"modified":"2023-03-15T13:34:42","modified_gmt":"2023-03-15T12:34:42","slug":"n1-nocciola","status":"publish","type":"product","link":"https:\/\/hillbar.fr\/it\/produit\/n1-nocciola\/","title":{"rendered":"N1 Nocciole tostate del Piemonte"},"content":{"rendered":"<p><strong>Ingredienti:  <\/strong><\/p>\n<p>Nocciole del Piemonte IGP (100%)<\/p>\n<p><strong>Peso netto:<\/strong> 100 g<\/p>\n","protected":false},"excerpt":{"rendered":"<p><span data-sheets-value=\"{\"1\":2,\"2\":\"Son go\u00fbt doux et subtil fait fureur en italie. On retrouve la noisette du pi\u00e9mont dans de nombreux biscuits et patisseries pour le plus grand bonheur des italiens. Et pure... c'est encore meilleur ! \"}\" data-sheets-userformat=\"{\"2\":15233,\"3\":{\"1\":0},\"10\":2,\"11\":0,\"12\":0,\"14\":{\"1\":2,\"2\":0},\"15\":\"Calibri, sans-serif\",\"16\":12}\">Il suo gusto dolce e sottile \u00e8 di gran moda in Italia. La nocciola del Piemonte \u00e8 presente in molti biscotti e dolci, per la gioia degli italiani. E puro&#8230; \u00e8 ancora meglio!  <\/span><\/p>\n<p>&nbsp;<\/p>\n","protected":false},"featured_media":7293,"template":"","meta":[],"product_brand":[],"product_cat":[123,136],"product_tag":[],"class_list":{"0":"post-7620","1":"product","2":"type-product","3":"status-publish","4":"has-post-thumbnail","6":"product_cat-drogheria","7":"product_cat-nocciola","9":"entry","10":"has-media","12":"first","13":"instock","14":"taxable","15":"shipping-taxable","16":"purchasable","17":"product-type-simple","18":"has-product-nav","19":"col","20":"span_1_of_4","21":"owp-content-center","22":"owp-thumbs-layout-horizontal","23":"owp-btn-normal","24":"owp-tabs-layout-horizontal","25":"has-no-thumbnails"},"jetpack_sharing_enabled":true,"_links":{"self":[{"href":"https:\/\/hillbar.fr\/it\/wp-json\/wp\/v2\/product\/7620","targetHints":{"allow":["GET"]}}],"collection":[{"href":"https:\/\/hillbar.fr\/it\/wp-json\/wp\/v2\/product"}],"about":[{"href":"https:\/\/hillbar.fr\/it\/wp-json\/wp\/v2\/types\/product"}],"wp:featuredmedia":[{"embeddable":true,"href":"https:\/\/hillbar.fr\/it\/wp-json\/wp\/v2\/media\/7293"}],"wp:attachment":[{"href":"https:\/\/hillbar.fr\/it\/wp-json\/wp\/v2\/media?parent=7620"}],"wp:term":[{"taxonomy":"product_brand","embeddable":true,"href":"https:\/\/hillbar.fr\/it\/wp-json\/wp\/v2\/product_brand?post=7620"},{"taxonomy":"product_cat","embeddable":true,"href":"https:\/\/hillbar.fr\/it\/wp-json\/wp\/v2\/product_cat?post=7620"},{"taxonomy":"product_tag","embeddable":true,"href":"https:\/\/hillbar.fr\/it\/wp-json\/wp\/v2\/product_tag?post=7620"}],"curies":[{"name":"wp","href":"https:\/\/api.w.org\/{rel}","templated":true}]}}