{"id":7541,"date":"2021-03-01T21:39:53","date_gmt":"2021-03-01T20:39:53","guid":{"rendered":"https:\/\/hillbar.fr\/produit\/amaretti-nocciola\/"},"modified":"2023-03-08T16:54:57","modified_gmt":"2023-03-08T15:54:57","slug":"amaretti-nocciola","status":"publish","type":"product","link":"https:\/\/hillbar.fr\/it\/produit\/amaretti-nocciola\/","title":{"rendered":"Amaretti Nocciola"},"content":{"rendered":"<p><b>Ingredienti<br \/>\n<\/b>Zucchero, noccioli di albicocca (45%), nocciole IGP &#8220;tonda e gentile&#8221;, latte intero, miele, vaniglia, agente lievitante<\/p>\n<p><b>Peso netto : <\/b><span style=\"font-weight: 400\">150g<\/span><\/p>\n<p class=\"p1\" style=\"text-align: center\"><span class=\"su-lightbox\" data-mfp-src=\"#my-custom-popup\" data-mfp-type=\"inline\" data-mobile=\"yes\"> <\/span><span class=\"su-lightbox\" data-mfp-src=\"#my-custom-popup\" data-mfp-type=\"inline\" data-mobile=\"yes\"><b>Per saperne di pi\u00f9<\/b><\/span><span class=\"su-lightbox\" data-mfp-src=\"#my-custom-popup\" data-mfp-type=\"inline\" data-mobile=\"yes\"> <\/span><\/p>\n<div id=\"my-custom-popup\" class=\"su-lightbox-content su-u-trim \" style=\"width: auto;min-width: none;max-width: 600px;margin-top: 40px;margin-bottom: 40px;padding: 40px;background: #FFFFFF;color: #333333;text-align: center\">\n<p style=\"text-align: center\"><b>Valori nutrizionali per porzione&nbsp;<\/b><\/p>\n<p style=\"text-align: center\"><span style=\"font-weight: 400\">Energia 360kJ\/86kcal. Grassi  <\/span><span style=\"font-weight: 400\">&nbsp;2,07<\/span><span style=\"font-weight: 400\"> g (di cui acidi grassi saturi 0,491 g) ;<\/span><span style=\"font-weight: 400\"><br \/>\n<\/span>Carboidrati 15,67g (di cui zuccheri 11,75g) &nbsp;; Proteine 14 g ; Sale 0,037 g ; Fibre 0,002g ; Potassio 0,011g ; Colesterolo 0,02g<\/p>\n<\/div>\n","protected":false},"excerpt":{"rendered":"<p><span style=\"font-weight: 400\">Etimologicamente, l&#8217;amaretto prende il nome dalla leggera amarezza naturalmente presente nella mandorla. Tradizionalmente servito con il caff\u00e8 in Italia, la sua morbidezza lo render\u00e0 indispensabile per tutte le vostre pause caff\u00e8.  <\/span><\/p>\n<p class=\"p1\" style=\"text-align: center\">\n","protected":false},"featured_media":7188,"template":"","meta":[],"product_brand":[],"product_cat":[122,123],"product_tag":[],"class_list":{"0":"post-7541","1":"product","2":"type-product","3":"status-publish","4":"has-post-thumbnail","6":"product_cat-biscottificio-italiano","7":"product_cat-drogheria","9":"entry","10":"has-media","12":"first","13":"instock","14":"taxable","15":"shipping-taxable","16":"purchasable","17":"product-type-simple","18":"has-product-nav","19":"col","20":"span_1_of_4","21":"owp-content-center","22":"owp-thumbs-layout-horizontal","23":"owp-btn-normal","24":"owp-tabs-layout-horizontal","25":"has-no-thumbnails"},"jetpack_sharing_enabled":true,"_links":{"self":[{"href":"https:\/\/hillbar.fr\/it\/wp-json\/wp\/v2\/product\/7541","targetHints":{"allow":["GET"]}}],"collection":[{"href":"https:\/\/hillbar.fr\/it\/wp-json\/wp\/v2\/product"}],"about":[{"href":"https:\/\/hillbar.fr\/it\/wp-json\/wp\/v2\/types\/product"}],"wp:featuredmedia":[{"embeddable":true,"href":"https:\/\/hillbar.fr\/it\/wp-json\/wp\/v2\/media\/7188"}],"wp:attachment":[{"href":"https:\/\/hillbar.fr\/it\/wp-json\/wp\/v2\/media?parent=7541"}],"wp:term":[{"taxonomy":"product_brand","embeddable":true,"href":"https:\/\/hillbar.fr\/it\/wp-json\/wp\/v2\/product_brand?post=7541"},{"taxonomy":"product_cat","embeddable":true,"href":"https:\/\/hillbar.fr\/it\/wp-json\/wp\/v2\/product_cat?post=7541"},{"taxonomy":"product_tag","embeddable":true,"href":"https:\/\/hillbar.fr\/it\/wp-json\/wp\/v2\/product_tag?post=7541"}],"curies":[{"name":"wp","href":"https:\/\/api.w.org\/{rel}","templated":true}]}}