{"id":7531,"date":"2021-03-01T21:29:19","date_gmt":"2021-03-01T20:29:19","guid":{"rendered":"https:\/\/hillbar.fr\/produit\/brutti-ma-buoni-zenzero-e-curcuma\/"},"modified":"2023-03-08T16:53:40","modified_gmt":"2023-03-08T15:53:40","slug":"brutti-ma-buoni-zenzero-e-curcuma","status":"publish","type":"product","link":"https:\/\/hillbar.fr\/it\/produit\/brutti-ma-buoni-zenzero-e-curcuma\/","title":{"rendered":"Brutti ma buoni zenzero e curcuma"},"content":{"rendered":"<p><b>Ingredienti<br \/>\n<\/b>Zucchero, albume d&#8217;uovo, nocciole Piemonte IGP, cannella, noce moscata, zucchero vanigliato, zenzero, curcuma<\/p>\n<p><strong>Peso netto:<\/strong> 150 g<\/p>\n<p class=\"p1\" style=\"text-align: center\"><span class=\"su-lightbox\" data-mfp-src=\"#my-custom-popup\" data-mfp-type=\"inline\" data-mobile=\"yes\"> <b>Per saperne di pi\u00f9<\/b> <\/span><\/p>\n<p class=\"p1\" style=\"text-align: center\">\n<div class=\"su-lightbox-content su-u-trim \" id=\"my-custom-popup\" style=\"width:auto;min-width:none;max-width:600px;margin-top:40px;margin-bottom:40px;padding:40px;background:#FFFFFF;color:#333333;text-align:center\">\n<p style=\"text-align: center\"><b>Valori nutrizionali per porzione  <\/b><\/p>\n<p style=\"text-align: center\"><span style=\"font-weight: 400\">Energia 172kJ\/41kcal. Grassi  <\/span> <span style=\"font-weight: 400\"> 2,11<\/span><span style=\"font-weight: 400\"> g (di cui acidi grassi saturi 0,443 g) ;<\/span><span style=\"font-weight: 400\"><br \/>\n<\/span>Carboidrati 5,06 g (di cui zuccheri 4,61 g); Proteine 11 g; Sale 0,017 g; Fibre 0,3 g; Potassio 0,026 g<\/p>\n<p class=\"p1\" style=\"text-align: center\"><\/div>\n<\/p>\n<p>&nbsp;<\/p>\n","protected":false},"excerpt":{"rendered":"<p><span style=\"font-weight: 400\">Il brutto ma buono delizier\u00e0 le vostre papille gustative. Croccante e leggero allo stesso tempo, \u00e8 difficile restarci dentro quando si inizia a gustarlo. Questa variante con zenzero e curcuma vi dar\u00e0 un gusto sottilmente piccante. Si accompagna deliziosamente al caff\u00e8.<\/span><\/p>\n<p class=\"p1\" style=\"text-align: center\">\n","protected":false},"featured_media":7214,"template":"","meta":[],"product_brand":[],"product_cat":[122,123],"product_tag":[],"class_list":{"0":"post-7531","1":"product","2":"type-product","3":"status-publish","4":"has-post-thumbnail","6":"product_cat-biscottificio-italiano","7":"product_cat-drogheria","9":"entry","10":"has-media","12":"first","13":"instock","14":"taxable","15":"shipping-taxable","16":"purchasable","17":"product-type-simple","18":"has-product-nav","19":"col","20":"span_1_of_4","21":"owp-content-center","22":"owp-thumbs-layout-horizontal","23":"owp-btn-normal","24":"owp-tabs-layout-horizontal","25":"has-no-thumbnails"},"jetpack_sharing_enabled":true,"_links":{"self":[{"href":"https:\/\/hillbar.fr\/it\/wp-json\/wp\/v2\/product\/7531","targetHints":{"allow":["GET"]}}],"collection":[{"href":"https:\/\/hillbar.fr\/it\/wp-json\/wp\/v2\/product"}],"about":[{"href":"https:\/\/hillbar.fr\/it\/wp-json\/wp\/v2\/types\/product"}],"wp:featuredmedia":[{"embeddable":true,"href":"https:\/\/hillbar.fr\/it\/wp-json\/wp\/v2\/media\/7214"}],"wp:attachment":[{"href":"https:\/\/hillbar.fr\/it\/wp-json\/wp\/v2\/media?parent=7531"}],"wp:term":[{"taxonomy":"product_brand","embeddable":true,"href":"https:\/\/hillbar.fr\/it\/wp-json\/wp\/v2\/product_brand?post=7531"},{"taxonomy":"product_cat","embeddable":true,"href":"https:\/\/hillbar.fr\/it\/wp-json\/wp\/v2\/product_cat?post=7531"},{"taxonomy":"product_tag","embeddable":true,"href":"https:\/\/hillbar.fr\/it\/wp-json\/wp\/v2\/product_tag?post=7531"}],"curies":[{"name":"wp","href":"https:\/\/api.w.org\/{rel}","templated":true}]}}