{"id":11425,"date":"2023-09-21T13:20:53","date_gmt":"2023-09-21T12:20:53","guid":{"rendered":"https:\/\/hillbar.fr\/produit\/set-di-orsetti-gommosi\/"},"modified":"2023-09-21T13:20:53","modified_gmt":"2023-09-21T12:20:53","slug":"scatola-di-orsetti-marshmallow","status":"publish","type":"product","link":"https:\/\/hillbar.fr\/it\/produit\/scatola-di-orsetti-marshmallow\/","title":{"rendered":"Set di orsetti gommosi"},"content":{"rendered":"<p><strong>Ingredienti<\/strong>: Cioccolato fondente (fave di cacao biologiche, zucchero di barbabietola biologico), zucchero, gelatina bovina, baccello di vaniglia del Madagascar.<\/p>\n<p><strong>Peso<\/strong>: 120 grammi<\/p>\n<p>&nbsp;<\/p>\n","protected":false},"excerpt":{"rendered":"<p><span data-sheets-value=\"{\"1\":2,\"2\":\"Retombez en enfance avec ces guimauves tendres et craquantes. Ces guimauves Bean to bar sont saupoudr\u00e9es de poudre de cacao et parsem\u00e9es de gru\u00e9 caram\u00e9lis\u00e9s. \"}\" data-sheets-userformat=\"{\"2\":15233,\"3\":{\"1\":0},\"10\":2,\"11\":0,\"12\":0,\"14\":{\"1\":2,\"2\":0},\"15\":\"Calibri, sans-serif\",\"16\":12}\">Tornate all&#8217;infanzia con questi marshmallow teneri e croccanti.<\/span><\/p>\n","protected":false},"featured_media":11423,"template":"","meta":[],"product_brand":[],"product_cat":[113],"product_tag":[],"class_list":{"0":"post-11425","1":"product","2":"type-product","3":"status-publish","4":"has-post-thumbnail","6":"product_cat-cioccolato","8":"entry","9":"has-media","11":"first","12":"instock","13":"taxable","14":"shipping-taxable","15":"product-type-variable","16":"has-product-nav","17":"col","18":"span_1_of_4","19":"owp-content-center","20":"owp-thumbs-layout-horizontal","21":"owp-btn-normal","22":"owp-tabs-layout-horizontal","23":"has-no-thumbnails"},"jetpack_sharing_enabled":true,"_links":{"self":[{"href":"https:\/\/hillbar.fr\/it\/wp-json\/wp\/v2\/product\/11425","targetHints":{"allow":["GET"]}}],"collection":[{"href":"https:\/\/hillbar.fr\/it\/wp-json\/wp\/v2\/product"}],"about":[{"href":"https:\/\/hillbar.fr\/it\/wp-json\/wp\/v2\/types\/product"}],"wp:featuredmedia":[{"embeddable":true,"href":"https:\/\/hillbar.fr\/it\/wp-json\/wp\/v2\/media\/11423"}],"wp:attachment":[{"href":"https:\/\/hillbar.fr\/it\/wp-json\/wp\/v2\/media?parent=11425"}],"wp:term":[{"taxonomy":"product_brand","embeddable":true,"href":"https:\/\/hillbar.fr\/it\/wp-json\/wp\/v2\/product_brand?post=11425"},{"taxonomy":"product_cat","embeddable":true,"href":"https:\/\/hillbar.fr\/it\/wp-json\/wp\/v2\/product_cat?post=11425"},{"taxonomy":"product_tag","embeddable":true,"href":"https:\/\/hillbar.fr\/it\/wp-json\/wp\/v2\/product_tag?post=11425"}],"curies":[{"name":"wp","href":"https:\/\/api.w.org\/{rel}","templated":true}]}}