{"id":10265,"date":"2021-06-07T12:03:49","date_gmt":"2021-06-07T11:03:49","guid":{"rendered":"https:\/\/hillbar.fr\/contattateci\/"},"modified":"2024-04-18T11:57:45","modified_gmt":"2024-04-18T10:57:45","slug":"contattateci","status":"publish","type":"page","link":"https:\/\/hillbar.fr\/it\/contattateci\/","title":{"rendered":"Contattateci"},"content":{"rendered":"\t\t<div data-elementor-type=\"wp-page\" data-elementor-id=\"10265\" class=\"elementor elementor-10265 elementor-42\" data-elementor-post-type=\"page\">\n\t\t\t\t\t\t<section class=\"elementor-section elementor-top-section elementor-element elementor-element-a3a4135 elementor-section-boxed elementor-section-height-default elementor-section-height-default\" data-id=\"a3a4135\" data-element_type=\"section\" data-e-type=\"section\" data-settings=\"{&quot;background_background&quot;:&quot;classic&quot;}\">\n\t\t\t\t\t\t<div class=\"elementor-container elementor-column-gap-default\">\n\t\t\t\t\t<div class=\"elementor-column elementor-col-100 elementor-top-column elementor-element elementor-element-fac6ba5\" data-id=\"fac6ba5\" data-element_type=\"column\" data-e-type=\"column\">\n\t\t\t<div class=\"elementor-widget-wrap elementor-element-populated\">\n\t\t\t\t\t\t<div class=\"elementor-element elementor-element-974e78f elementor-hidden-mobile elementor-widget elementor-widget-spacer\" data-id=\"974e78f\" data-element_type=\"widget\" data-e-type=\"widget\" data-widget_type=\"spacer.default\">\n\t\t\t\t<div class=\"elementor-widget-container\">\n\t\t\t\t\t\t\t<div class=\"elementor-spacer\">\n\t\t\t<div class=\"elementor-spacer-inner\"><\/div>\n\t\t<\/div>\n\t\t\t\t\t\t<\/div>\n\t\t\t\t<\/div>\n\t\t\t\t<div class=\"elementor-element elementor-element-7d333e9 elementor-widget elementor-widget-heading\" data-id=\"7d333e9\" data-element_type=\"widget\" data-e-type=\"widget\" data-widget_type=\"heading.default\">\n\t\t\t\t<div class=\"elementor-widget-container\">\n\t\t\t\t\t<h2 class=\"elementor-heading-title elementor-size-default\">Contattateci<\/h2>\t\t\t\t<\/div>\n\t\t\t\t<\/div>\n\t\t\t\t<div class=\"elementor-element elementor-element-7ca7ad4 elementor-widget elementor-widget-menu-anchor\" data-id=\"7ca7ad4\" data-element_type=\"widget\" data-e-type=\"widget\" data-widget_type=\"menu-anchor.default\">\n\t\t\t\t<div class=\"elementor-widget-container\">\n\t\t\t\t\t\t\t<div class=\"elementor-menu-anchor\" id=\"contatto\"><\/div>\n\t\t\t\t\t\t<\/div>\n\t\t\t\t<\/div>\n\t\t\t\t\t<\/div>\n\t\t<\/div>\n\t\t\t\t\t<\/div>\n\t\t<\/section>\n\t\t\t\t<section class=\"elementor-section elementor-top-section elementor-element elementor-element-5d6d64f elementor-section-full_width elementor-section-height-default elementor-section-height-default\" data-id=\"5d6d64f\" data-element_type=\"section\" data-e-type=\"section\" data-settings=\"{&quot;background_background&quot;:&quot;classic&quot;}\">\n\t\t\t\t\t\t<div class=\"elementor-container elementor-column-gap-default\">\n\t\t\t\t\t<div class=\"elementor-column elementor-col-50 elementor-top-column elementor-element elementor-element-05dab95\" data-id=\"05dab95\" data-element_type=\"column\" data-e-type=\"column\" data-settings=\"{&quot;background_background&quot;:&quot;classic&quot;}\">\n\t\t\t<div class=\"elementor-widget-wrap elementor-element-populated\">\n\t\t\t\t\t\t<div class=\"elementor-element elementor-element-99f3948 elementor-widget elementor-widget-heading\" data-id=\"99f3948\" data-element_type=\"widget\" data-e-type=\"widget\" data-widget_type=\"heading.default\">\n\t\t\t\t<div class=\"elementor-widget-container\">\n\t\t\t\t\t<h2 class=\"elementor-heading-title elementor-size-default\">Il negozio<\/h2>\t\t\t\t<\/div>\n\t\t\t\t<\/div>\n\t\t\t\t<div class=\"elementor-element elementor-element-e492241 elementor-widget elementor-widget-heading\" data-id=\"e492241\" data-element_type=\"widget\" data-e-type=\"widget\" data-widget_type=\"heading.default\">\n\t\t\t\t<div class=\"elementor-widget-container\">\n\t\t\t\t\t<p class=\"elementor-heading-title elementor-size-default\"><a href=\"https:\/\/goo.gl\/maps\/BaLMQNpoARv1HJBT6\">1 Bis rue Bartholom\u00e9 Masurel  <br>\n59800 Lille<\/a><\/p>\t\t\t\t<\/div>\n\t\t\t\t<\/div>\n\t\t\t\t<div class=\"elementor-element elementor-element-c3f52e8 elementor-widget elementor-widget-heading\" data-id=\"c3f52e8\" data-element_type=\"widget\" data-e-type=\"widget\" data-widget_type=\"heading.default\">\n\t\t\t\t<div class=\"elementor-widget-container\">\n\t\t\t\t\t<p class=\"elementor-heading-title elementor-size-default\"><a href=\"tel:+33%2059%2054%2041%2062\">03 74 69 62 49<\/a><\/p>\t\t\t\t<\/div>\n\t\t\t\t<\/div>\n\t\t\t\t<div class=\"elementor-element elementor-element-57c9d21 elementor-widget elementor-widget-image\" data-id=\"57c9d21\" data-element_type=\"widget\" data-e-type=\"widget\" data-widget_type=\"image.default\">\n\t\t\t\t<div class=\"elementor-widget-container\">\n\t\t\t\t\t\t\t\t\t\t\t\t\t\t\t<img fetchpriority=\"high\" decoding=\"async\" width=\"673\" height=\"671\" src=\"https:\/\/i0.wp.com\/hillbar.fr\/wp-content\/uploads\/2022\/04\/Magasin-Hill-Bar.webp?fit=673%2C671&amp;ssl=1\" class=\"attachment-large size-large wp-image-7151\" alt=\"\" srcset=\"https:\/\/i0.wp.com\/hillbar.fr\/wp-content\/uploads\/2022\/04\/Magasin-Hill-Bar.webp?w=673&amp;ssl=1 673w, https:\/\/i0.wp.com\/hillbar.fr\/wp-content\/uploads\/2022\/04\/Magasin-Hill-Bar.webp?resize=300%2C300&amp;ssl=1 300w, https:\/\/i0.wp.com\/hillbar.fr\/wp-content\/uploads\/2022\/04\/Magasin-Hill-Bar.webp?resize=100%2C100&amp;ssl=1 100w, https:\/\/i0.wp.com\/hillbar.fr\/wp-content\/uploads\/2022\/04\/Magasin-Hill-Bar.webp?resize=600%2C598&amp;ssl=1 600w, https:\/\/i0.wp.com\/hillbar.fr\/wp-content\/uploads\/2022\/04\/Magasin-Hill-Bar.webp?resize=150%2C150&amp;ssl=1 150w\" sizes=\"(max-width: 673px) 100vw, 673px\" \/>\t\t\t\t\t\t\t\t\t\t\t\t\t\t\t<\/div>\n\t\t\t\t<\/div>\n\t\t\t\t<section class=\"elementor-section elementor-inner-section elementor-element elementor-element-dab2f0d elementor-section-boxed elementor-section-height-default elementor-section-height-default\" data-id=\"dab2f0d\" data-element_type=\"section\" data-e-type=\"section\">\n\t\t\t\t\t\t<div class=\"elementor-container elementor-column-gap-default\">\n\t\t\t\t\t<div class=\"elementor-column elementor-col-100 elementor-inner-column elementor-element elementor-element-238c3d8\" data-id=\"238c3d8\" data-element_type=\"column\" data-e-type=\"column\">\n\t\t\t<div class=\"elementor-widget-wrap elementor-element-populated\">\n\t\t\t\t\t\t<div class=\"elementor-element elementor-element-5b62139 elementor-widget elementor-widget-text-editor\" data-id=\"5b62139\" data-element_type=\"widget\" data-e-type=\"widget\" data-widget_type=\"text-editor.default\">\n\t\t\t\t<div class=\"elementor-widget-container\">\n\t\t\t\t\t\t\t\t\t<p style=\"text-align: center;\">Nel cuore della Vecchia Lilla, all&#8217;<b>angolo di Rue Basse,<\/b> i ciottoli di Lilla vi condurranno alla nostra cioccolateria. Nel negozio troverete tutti i nostri cioccolatini e praline, i nostri pasticcini e i biscotti italiani, combinando una passeggiata con <b>un&#8217;esperienza di gusto unica<\/b>. <b><\/p>\n<p><\/b><\/p>\n<h2 data-elementor-setting-key=\"title\" data-pen-placeholder=\"\u00c9crivez ici...\"> <\/h2>\n<h2 style=\"font-weight: 400; font-size: 22px; text-align: center;\" data-elementor-setting-key=\"title\" data-pen-placeholder=\"\u00c9crivez ici...\">Luned\u00ec dalle 13.00 alle 19.00  <br \/>Da marted\u00ec a venerd\u00ec dalle 11.00 alle 19.00<br \/>  Sabato dalle 10.00 alle 19.00  <br \/>Domenica dalle 11.00 alle 18.00<\/h2>\n\t\t\t\t\t\t\t\t<\/div>\n\t\t\t\t<\/div>\n\t\t\t\t\t<\/div>\n\t\t<\/div>\n\t\t\t\t\t<\/div>\n\t\t<\/section>\n\t\t\t\t\t<\/div>\n\t\t<\/div>\n\t\t\t\t<div class=\"elementor-column elementor-col-50 elementor-top-column elementor-element elementor-element-5aad6fc\" data-id=\"5aad6fc\" data-element_type=\"column\" data-e-type=\"column\" data-settings=\"{&quot;background_background&quot;:&quot;classic&quot;}\">\n\t\t\t<div class=\"elementor-widget-wrap elementor-element-populated\">\n\t\t\t\t\t\t<div class=\"elementor-element elementor-element-b4408b1 elementor-widget elementor-widget-heading\" data-id=\"b4408b1\" data-element_type=\"widget\" data-e-type=\"widget\" data-widget_type=\"heading.default\">\n\t\t\t\t<div class=\"elementor-widget-container\">\n\t\t\t\t\t<h2 class=\"elementor-heading-title elementor-size-default\">Il laboratorio<\/h2>\t\t\t\t<\/div>\n\t\t\t\t<\/div>\n\t\t\t\t<div class=\"elementor-element elementor-element-7056ebf elementor-widget elementor-widget-heading\" data-id=\"7056ebf\" data-element_type=\"widget\" data-e-type=\"widget\" data-widget_type=\"heading.default\">\n\t\t\t\t<div class=\"elementor-widget-container\">\n\t\t\t\t\t<h2 class=\"elementor-heading-title elementor-size-default\"><a href=\"https:\/\/goo.gl\/maps\/wWDkD3YubqiP4Vuu9\">17 rue du Frenelet  <br>59650 Villeneuve d'Ascq<\/a><\/h2>\t\t\t\t<\/div>\n\t\t\t\t<\/div>\n\t\t\t\t<div class=\"elementor-element elementor-element-13104cb elementor-widget elementor-widget-heading\" data-id=\"13104cb\" data-element_type=\"widget\" data-e-type=\"widget\" data-widget_type=\"heading.default\">\n\t\t\t\t<div class=\"elementor-widget-container\">\n\t\t\t\t\t<p class=\"elementor-heading-title elementor-size-default\"><a href=\"tel:+359544162\">03 59 54 41 62<\/a><\/p>\t\t\t\t<\/div>\n\t\t\t\t<\/div>\n\t\t\t\t<div class=\"elementor-element elementor-element-d42a259 elementor-widget elementor-widget-image\" data-id=\"d42a259\" data-element_type=\"widget\" data-e-type=\"widget\" data-widget_type=\"image.default\">\n\t\t\t\t<div class=\"elementor-widget-container\">\n\t\t\t\t\t\t\t\t\t\t\t\t\t\t\t<img decoding=\"async\" width=\"1016\" height=\"1024\" src=\"https:\/\/i0.wp.com\/hillbar.fr\/wp-content\/uploads\/2022\/12\/caroetsonpullviolet-1.webp?fit=1016%2C1024&amp;ssl=1\" class=\"attachment-large size-large wp-image-7401\" alt=\"\" srcset=\"https:\/\/i0.wp.com\/hillbar.fr\/wp-content\/uploads\/2022\/12\/caroetsonpullviolet-1.webp?w=2144&amp;ssl=1 2144w, https:\/\/i0.wp.com\/hillbar.fr\/wp-content\/uploads\/2022\/12\/caroetsonpullviolet-1.webp?resize=298%2C300&amp;ssl=1 298w, https:\/\/i0.wp.com\/hillbar.fr\/wp-content\/uploads\/2022\/12\/caroetsonpullviolet-1.webp?resize=1016%2C1024&amp;ssl=1 1016w, https:\/\/i0.wp.com\/hillbar.fr\/wp-content\/uploads\/2022\/12\/caroetsonpullviolet-1.webp?resize=150%2C150&amp;ssl=1 150w, https:\/\/i0.wp.com\/hillbar.fr\/wp-content\/uploads\/2022\/12\/caroetsonpullviolet-1.webp?resize=768%2C774&amp;ssl=1 768w, https:\/\/i0.wp.com\/hillbar.fr\/wp-content\/uploads\/2022\/12\/caroetsonpullviolet-1.webp?resize=1524%2C1536&amp;ssl=1 1524w, https:\/\/i0.wp.com\/hillbar.fr\/wp-content\/uploads\/2022\/12\/caroetsonpullviolet-1.webp?resize=2032%2C2048&amp;ssl=1 2032w, https:\/\/i0.wp.com\/hillbar.fr\/wp-content\/uploads\/2022\/12\/caroetsonpullviolet-1.webp?resize=600%2C605&amp;ssl=1 600w, https:\/\/i0.wp.com\/hillbar.fr\/wp-content\/uploads\/2022\/12\/caroetsonpullviolet-1.webp?resize=100%2C100&amp;ssl=1 100w\" sizes=\"(max-width: 1016px) 100vw, 1016px\" \/>\t\t\t\t\t\t\t\t\t\t\t\t\t\t\t<\/div>\n\t\t\t\t<\/div>\n\t\t\t\t<section class=\"elementor-section elementor-inner-section elementor-element elementor-element-6986047 elementor-section-boxed elementor-section-height-default elementor-section-height-default\" data-id=\"6986047\" data-element_type=\"section\" data-e-type=\"section\">\n\t\t\t\t\t\t<div class=\"elementor-container elementor-column-gap-default\">\n\t\t\t\t\t<div class=\"elementor-column elementor-col-100 elementor-inner-column elementor-element elementor-element-7123f01\" data-id=\"7123f01\" data-element_type=\"column\" data-e-type=\"column\">\n\t\t\t<div class=\"elementor-widget-wrap elementor-element-populated\">\n\t\t\t\t\t\t<div class=\"elementor-element elementor-element-989394a elementor-widget elementor-widget-text-editor\" data-id=\"989394a\" data-element_type=\"widget\" data-e-type=\"widget\" data-widget_type=\"text-editor.default\">\n\t\t\t\t<div class=\"elementor-widget-container\">\n\t\t\t\t\t\t\t\t\t<p>Situato a Villeneuve d&#8217;Ascq, il Lab dispone di un <b>negozio<\/b> e di una <b>sala da t\u00e8<\/b> dove potrete gustare i dolci in loco. Nel nostro laboratorio aperto, il cioccolato viene prodotto da zero a partire dalle fave di cacao. Il sabato, scoprite i <b>laboratori<\/b> di scoperta del cioccolato, della pasticceria o del gelato.<\/p>\n<h2 data-elementor-setting-key=\"title\" data-pen-placeholder=\"\u00c9crivez ici...\"> <\/h2>\n<h2 style=\"font-weight: 400; font-size: 22px; text-align: center;\" data-elementor-setting-key=\"title\" data-pen-placeholder=\"\u00c9crivez ici...\">Da marted\u00ec a sabato dalle 10.00 alle 19.00<\/h2><\/p>\n\t\t\t\t\t\t\t\t<\/div>\n\t\t\t\t<\/div>\n\t\t\t\t\t<\/div>\n\t\t<\/div>\n\t\t\t\t\t<\/div>\n\t\t<\/section>\n\t\t\t\t\t<\/div>\n\t\t<\/div>\n\t\t\t\t\t<\/div>\n\t\t<\/section>\n\t\t\t\t<section class=\"elementor-section elementor-top-section elementor-element elementor-element-b9ad635 elementor-section-boxed elementor-section-height-default elementor-section-height-default\" data-id=\"b9ad635\" data-element_type=\"section\" data-e-type=\"section\" data-settings=\"{&quot;background_background&quot;:&quot;classic&quot;}\">\n\t\t\t\t\t\t<div class=\"elementor-container elementor-column-gap-default\">\n\t\t\t\t\t<div class=\"elementor-column elementor-col-100 elementor-top-column elementor-element elementor-element-ca844fb\" data-id=\"ca844fb\" data-element_type=\"column\" data-e-type=\"column\">\n\t\t\t<div class=\"elementor-widget-wrap elementor-element-populated\">\n\t\t\t\t\t\t<div class=\"elementor-element elementor-element-96807db elementor-widget elementor-widget-spacer\" data-id=\"96807db\" data-element_type=\"widget\" data-e-type=\"widget\" data-widget_type=\"spacer.default\">\n\t\t\t\t<div class=\"elementor-widget-container\">\n\t\t\t\t\t\t\t<div class=\"elementor-spacer\">\n\t\t\t<div class=\"elementor-spacer-inner\"><\/div>\n\t\t<\/div>\n\t\t\t\t\t\t<\/div>\n\t\t\t\t<\/div>\n\t\t\t\t<div class=\"elementor-element elementor-element-827097e elementor-widget elementor-widget-heading\" data-id=\"827097e\" data-element_type=\"widget\" data-e-type=\"widget\" data-widget_type=\"heading.default\">\n\t\t\t\t<div class=\"elementor-widget-container\">\n\t\t\t\t\t<h2 class=\"elementor-heading-title elementor-size-default\">Inviaci un messaggio<\/h2>\t\t\t\t<\/div>\n\t\t\t\t<\/div>\n\t\t\t\t<div class=\"elementor-element elementor-element-1f3cd94 elementor-widget elementor-widget-text-editor\" data-id=\"1f3cd94\" data-element_type=\"widget\" data-e-type=\"widget\" data-widget_type=\"text-editor.default\">\n\t\t\t\t<div class=\"elementor-widget-container\">\n\t\t\t\t\t\t\t\t\t<p style=\"text-align: center;\">Volete saperne di pi\u00f9 sulla fabbrica di cioccolato?  <br \/>Volete discutere dei nostri prodotti  <br \/>o per diventare un rivenditore?<\/p>\n\t\t\t\t\t\t\t\t<\/div>\n\t\t\t\t<\/div>\n\t\t\t\t\t<\/div>\n\t\t<\/div>\n\t\t\t\t\t<\/div>\n\t\t<\/section>\n\t\t\t\t<section class=\"elementor-section elementor-top-section elementor-element elementor-element-16eb85f elementor-section-boxed elementor-section-height-default elementor-section-height-default\" data-id=\"16eb85f\" data-element_type=\"section\" data-e-type=\"section\" data-settings=\"{&quot;background_background&quot;:&quot;classic&quot;}\">\n\t\t\t\t\t\t<div class=\"elementor-container elementor-column-gap-default\">\n\t\t\t\t\t<div class=\"elementor-column elementor-col-100 elementor-top-column elementor-element elementor-element-123e9d7\" data-id=\"123e9d7\" data-element_type=\"column\" data-e-type=\"column\">\n\t\t\t<div class=\"elementor-widget-wrap elementor-element-populated\">\n\t\t\t\t\t\t<div class=\"elementor-element elementor-element-72afde4 elementor-widget elementor-widget-shortcode\" data-id=\"72afde4\" data-element_type=\"widget\" data-e-type=\"widget\" data-widget_type=\"shortcode.default\">\n\t\t\t\t<div class=\"elementor-widget-container\">\n\t\t\t\t\t\t\t<div class=\"elementor-shortcode\"><div class=\"forminator-ui forminator-custom-form forminator-custom-form-3551 forminator-design--material  forminator_ajax\" data-forminator-render=\"0\" data-form=\"forminator-module-3551\" data-uid=\"69d99da0c97b3\"><br\/><\/div><form\n\t\t\t\tid=\"forminator-module-3551\"\n\t\t\t\tclass=\"forminator-ui forminator-custom-form forminator-custom-form-3551 forminator-design--material  forminator_ajax\"\n\t\t\t\tmethod=\"post\"\n\t\t\t\tdata-forminator-render=\"0\"\n\t\t\t\tdata-form-id=\"3551\"\n\t\t\t\t data-color-option=\"default\" data-design=\"material\" data-grid=\"open\" style=\"display: none;\"\n\t\t\t\tdata-uid=\"69d99da0c97b3\"\n\t\t\t><div role=\"alert\" aria-live=\"polite\" class=\"forminator-response-message forminator-error\" aria-hidden=\"true\"><\/div><div class=\"forminator-row\"><div id=\"name-1\" class=\"forminator-field-name forminator-col forminator-col-6 \"><div class=\"forminator-field\"><label for=\"forminator-field-name-1_69d99da0c97b3\" id=\"forminator-field-name-1_69d99da0c97b3-label\" class=\"forminator-label\">Nom Pr\u00e9nom <span class=\"forminator-required\">*<\/span><\/label><input type=\"text\" name=\"name-1\" value=\"\" placeholder=\"\" id=\"forminator-field-name-1_69d99da0c97b3\" class=\"forminator-input forminator-name--field\" aria-required=\"true\" autocomplete=\"name\" \/><\/div><\/div><div id=\"name-2\" class=\"forminator-field-name forminator-col forminator-col-6 \"><div class=\"forminator-field\"><label for=\"forminator-field-name-2_69d99da0c97b3\" id=\"forminator-field-name-2_69d99da0c97b3-label\" class=\"forminator-label\">Sujet <span class=\"forminator-required\">*<\/span><\/label><input type=\"text\" name=\"name-2\" value=\"\" placeholder=\"\" id=\"forminator-field-name-2_69d99da0c97b3\" class=\"forminator-input forminator-name--field\" aria-required=\"true\" autocomplete=\"name\" \/><\/div><\/div><\/div><div class=\"forminator-row\"><div id=\"email-1\" class=\"forminator-field-email forminator-col forminator-col-6 \"><div class=\"forminator-field\"><label for=\"forminator-field-email-1_69d99da0c97b3\" id=\"forminator-field-email-1_69d99da0c97b3-label\" class=\"forminator-label\">Adresse de messagerie <span class=\"forminator-required\">*<\/span><\/label><input type=\"email\" name=\"email-1\" value=\"\" placeholder=\"Par exemple\u00a0: jacques@martin.com\" id=\"forminator-field-email-1_69d99da0c97b3\" class=\"forminator-input forminator-email--field\" data-required=\"true\" aria-required=\"true\" autocomplete=\"email\" \/><\/div><\/div><div id=\"phone-1\" class=\"forminator-field-phone forminator-col forminator-col-6 \"><div class=\"forminator-field\"><label for=\"forminator-field-phone-1_69d99da0c97b3\" id=\"forminator-field-phone-1_69d99da0c97b3-label\" class=\"forminator-label\">Num\u00e9ro de t\u00e9l\u00e9phone <span class=\"forminator-required\">*<\/span><\/label><input type=\"text\" name=\"phone-1\" value=\"\" placeholder=\"Par exemple\u00a0: +1 02 03 04 05\" id=\"forminator-field-phone-1_69d99da0c97b3\" class=\"forminator-input forminator-field--phone\" data-required=\"1\" aria-required=\"true\" autocomplete=\"off\" \/><\/div><\/div><\/div><div class=\"forminator-row\"><div id=\"textarea-1\" class=\"forminator-field-textarea forminator-col forminator-col-12 \"><div class=\"forminator-field\"><label for=\"forminator-field-textarea-1_69d99da0c97b3\" id=\"forminator-field-textarea-1_69d99da0c97b3-label\" class=\"forminator-label\">Message<\/label><textarea name=\"textarea-1\" placeholder=\"Saisissez votre message\u2026\" id=\"forminator-field-textarea-1_69d99da0c97b3\" class=\"forminator-textarea\" rows=\"6\" style=\"min-height:140px;\" maxlength=\"180\" ><\/textarea><span id=\"forminator-field-textarea-1_69d99da0c97b3-description\" class=\"forminator-description\"><span data-limit=\"180\" data-type=\"characters\" data-editor=\"\">0 \/ 180<\/span><\/span><\/div><\/div><\/div><div class=\"forminator-row\"><div id=\"checkbox-1\" class=\"forminator-field-checkbox forminator-col forminator-col-12 \"><div role=\"group\" class=\"forminator-field required\" aria-labelledby=\"forminator-checkbox-group-forminator-field-checkbox-1-69d99da0c97b3-label\"><label id=\"forminator-field-checkbox-1-1-69d99da0c97b3-label\" for=\"forminator-field-checkbox-1-1-69d99da0c97b3\" class=\"forminator-checkbox\" title=\"En cochant cette case, j\u2019accepte la Politique de confidentialit\u00e9 de ce site\"><input type=\"checkbox\" name=\"checkbox-1[]\" value=\"one\" id=\"forminator-field-checkbox-1-1-69d99da0c97b3\" aria-labelledby=\"forminator-field-checkbox-1-1-69d99da0c97b3-label\" data-calculation=\"0\"  \/><span class=\"forminator-checkbox-box\" aria-hidden=\"true\"><\/span><span class=\"forminator-checkbox-label\">En cochant cette case, j\u2019accepte la Politique de confidentialit\u00e9 de ce site<\/span><\/label><\/div><\/div><\/div><input type=\"hidden\" name=\"referer_url\" value=\"\" \/><div class=\"forminator-row forminator-row-last\"><div class=\"forminator-col\"><div class=\"forminator-field\"><button class=\"forminator-button forminator-button-submit\"><span>Envoyer le message<\/span><span aria-hidden=\"true\"><\/span><\/button><\/div><\/div><\/div><input type=\"hidden\" id=\"forminator_nonce\" name=\"forminator_nonce\" value=\"6d7f3e7888\" \/><input type=\"hidden\" name=\"_wp_http_referer\" value=\"\/it\/wp-json\/wp\/v2\/pages\/10265\" \/><input type=\"hidden\" name=\"form_id\" value=\"3551\"><input type=\"hidden\" name=\"page_id\" value=\"10265\"><input type=\"hidden\" name=\"form_type\" value=\"default\"><input type=\"hidden\" name=\"current_url\" value=\"https:\/\/hillbar.fr\/it\/contattateci\/\"><input type=\"hidden\" name=\"render_id\" value=\"0\"><input type=\"hidden\" name=\"action\" value=\"forminator_submit_form_custom-forms\"><\/form><\/div>\n\t\t\t\t\t\t<\/div>\n\t\t\t\t<\/div>\n\t\t\t\t<div class=\"elementor-element elementor-element-896cd24 elementor-widget elementor-widget-spacer\" data-id=\"896cd24\" data-element_type=\"widget\" data-e-type=\"widget\" data-widget_type=\"spacer.default\">\n\t\t\t\t<div class=\"elementor-widget-container\">\n\t\t\t\t\t\t\t<div class=\"elementor-spacer\">\n\t\t\t<div class=\"elementor-spacer-inner\"><\/div>\n\t\t<\/div>\n\t\t\t\t\t\t<\/div>\n\t\t\t\t<\/div>\n\t\t\t\t\t<\/div>\n\t\t<\/div>\n\t\t\t\t\t<\/div>\n\t\t<\/section>\n\t\t\t\t<\/div>\n\t\t","protected":false},"excerpt":{"rendered":"<p>Contattateci Il negozio 1 Bis rue Bartholom\u00e9 Masurel 59800 Lille 03 74 69 62 49 Nel cuore della Vecchia Lilla, all&#8217;angolo di Rue Basse, i ciottoli di Lilla vi condurranno alla nostra cioccolateria. Nel negozio troverete tutti i nostri cioccolatini e praline, i nostri pasticcini e i biscotti italiani, combinando una passeggiata con un&#8217;esperienza di [&hellip;]<\/p>\n","protected":false},"author":2,"featured_media":0,"parent":0,"menu_order":0,"comment_status":"closed","ping_status":"closed","template":"","meta":{"footnotes":""},"class_list":["post-10265","page","type-page","status-publish","hentry","entry","owp-thumbs-layout-horizontal","owp-btn-normal","owp-tabs-layout-horizontal","has-no-thumbnails","has-product-nav"],"jetpack_sharing_enabled":true,"_links":{"self":[{"href":"https:\/\/hillbar.fr\/it\/wp-json\/wp\/v2\/pages\/10265","targetHints":{"allow":["GET"]}}],"collection":[{"href":"https:\/\/hillbar.fr\/it\/wp-json\/wp\/v2\/pages"}],"about":[{"href":"https:\/\/hillbar.fr\/it\/wp-json\/wp\/v2\/types\/page"}],"author":[{"embeddable":true,"href":"https:\/\/hillbar.fr\/it\/wp-json\/wp\/v2\/users\/2"}],"replies":[{"embeddable":true,"href":"https:\/\/hillbar.fr\/it\/wp-json\/wp\/v2\/comments?post=10265"}],"version-history":[{"count":3,"href":"https:\/\/hillbar.fr\/it\/wp-json\/wp\/v2\/pages\/10265\/revisions"}],"predecessor-version":[{"id":11812,"href":"https:\/\/hillbar.fr\/it\/wp-json\/wp\/v2\/pages\/10265\/revisions\/11812"}],"wp:attachment":[{"href":"https:\/\/hillbar.fr\/it\/wp-json\/wp\/v2\/media?parent=10265"}],"curies":[{"name":"wp","href":"https:\/\/api.w.org\/{rel}","templated":true}]}}