{"id":7696,"date":"2020-12-01T15:23:57","date_gmt":"2020-12-01T14:23:57","guid":{"rendered":"https:\/\/hillbar.fr\/produit\/gianduja-caramelized-mix-box\/"},"modified":"2023-03-08T16:54:00","modified_gmt":"2023-03-08T15:54:00","slug":"box-gianduja-mix-caramelise","status":"publish","type":"product","link":"https:\/\/hillbar.fr\/en\/produit\/box-gianduja-mix-caramelise\/","title":{"rendered":"Gianduja &amp; caramelized mix box"},"content":{"rendered":"<p><strong>Net weight:<\/strong> 320 g<\/p>\n","protected":false},"excerpt":{"rendered":"<p><span data-sheets-value=\"{\"1\":2,\"2\":\"R\u00e9alis\u00e9e en partie \u00e0 base de gru\u00e9 caram\u00e9lis\u00e9, on te propose de d\u00e9couvrir la p\u00e2te \u00e0 tartiner Gianduja acompagn\u00e9e d'un mix caram\u00e9lis\u00e9 o\u00f9 tu pourras retrouver pistaches, noisettes, amandes et gru\u00e9, le tout caram\u00e9lis\u00e9. \"}\" data-sheets-userformat=\"{\"2\":513,\"3\":{\"1\":0},\"12\":0}\">Made partly with caramelized grue, we suggest you discover the Gianduja spread with a caramelized mix where you can find pistachios, hazelnuts, almonds and grue, all caramelized.  <\/span><\/p>\n<p><span data-sheets-value=\"{\"1\":2,\"2\":\"P\u00e2te \u00e0 tartiner Gianduja &amp; mix caram\u00e9lis\u00e9\"}\" data-sheets-userformat=\"{\"2\":513,\"3\":{\"1\":0},\"12\":0}\">Gianduja &amp; caramelized mix spread<\/span><\/p>\n<p>&nbsp;<\/p>\n","protected":false},"featured_media":7273,"template":"","meta":[],"product_brand":[],"product_cat":[124,126],"product_tag":[],"class_list":{"0":"post-7696","1":"product","2":"type-product","3":"status-publish","4":"has-post-thumbnail","6":"product_cat-spreads","7":"product_cat-boxes","9":"entry","10":"has-media","12":"first","13":"instock","14":"taxable","15":"shipping-taxable","16":"purchasable","17":"product-type-simple","18":"has-product-nav","19":"col","20":"span_1_of_4","21":"owp-content-center","22":"owp-thumbs-layout-horizontal","23":"owp-btn-normal","24":"owp-tabs-layout-horizontal","25":"has-no-thumbnails"},"jetpack_sharing_enabled":true,"_links":{"self":[{"href":"https:\/\/hillbar.fr\/en\/wp-json\/wp\/v2\/product\/7696","targetHints":{"allow":["GET"]}}],"collection":[{"href":"https:\/\/hillbar.fr\/en\/wp-json\/wp\/v2\/product"}],"about":[{"href":"https:\/\/hillbar.fr\/en\/wp-json\/wp\/v2\/types\/product"}],"wp:featuredmedia":[{"embeddable":true,"href":"https:\/\/hillbar.fr\/en\/wp-json\/wp\/v2\/media\/7273"}],"wp:attachment":[{"href":"https:\/\/hillbar.fr\/en\/wp-json\/wp\/v2\/media?parent=7696"}],"wp:term":[{"taxonomy":"product_brand","embeddable":true,"href":"https:\/\/hillbar.fr\/en\/wp-json\/wp\/v2\/product_brand?post=7696"},{"taxonomy":"product_cat","embeddable":true,"href":"https:\/\/hillbar.fr\/en\/wp-json\/wp\/v2\/product_cat?post=7696"},{"taxonomy":"product_tag","embeddable":true,"href":"https:\/\/hillbar.fr\/en\/wp-json\/wp\/v2\/product_tag?post=7696"}],"curies":[{"name":"wp","href":"https:\/\/api.w.org\/{rel}","templated":true}]}}