{"id":7655,"date":"2020-12-01T15:42:41","date_gmt":"2020-12-01T14:42:41","guid":{"rendered":"https:\/\/hillbar.fr\/produit\/box-of-gianduja-hot-chocolate-granules\/"},"modified":"2023-03-08T16:52:31","modified_gmt":"2023-03-08T15:52:31","slug":"box-gianduja-granules-for-chocolate-hot","status":"publish","type":"product","link":"https:\/\/hillbar.fr\/en\/produit\/box-gianduja-granules-for-chocolate-hot\/","title":{"rendered":"Box of gianduja &amp; hot chocolate granules"},"content":{"rendered":"<p><strong>Net weight :<\/strong> <span data-sheets-value=\"{\"1\":3,\"3\":360}\" data-sheets-userformat=\"{\"2\":515,\"3\":{\"1\":0},\"4\":{\"1\":3,\"3\":2},\"12\":0}\">360 g<\/span><\/p>\n","protected":false},"excerpt":{"rendered":"<p><span data-sheets-value=\"{\"1\":2,\"2\":\"Id\u00e9al pour ton petit-dej : les granul\u00e9s pour un chocolat chaud ultra gourmand &amp; une p\u00e2te \u00e0 tartiner Gianduja pour \u00e9veiller tes papilles. \"}\" data-sheets-userformat=\"{\"2\":513,\"3\":{\"1\":0},\"12\":0}\">Ideal for your breakfast: the granules for an ultra gourmet hot chocolate &amp; a Gianduja spread to awaken your taste buds.  <\/span><\/p>\n<p><span data-sheets-value=\"{\"1\":2,\"2\":\"P\u00e2te \u00e0 tartiner Gianduja &amp; granul\u00e9s pour chocolat chaud \"}\" data-sheets-userformat=\"{\"2\":513,\"3\":{\"1\":0},\"12\":0}\">Gianduja spread &amp; hot chocolate granules  <\/span><\/p>\n<p>&nbsp;<\/p>\n","protected":false},"featured_media":7271,"template":"","meta":[],"product_brand":[],"product_cat":[124,126],"product_tag":[],"class_list":{"0":"post-7655","1":"product","2":"type-product","3":"status-publish","4":"has-post-thumbnail","6":"product_cat-spreads","7":"product_cat-boxes","9":"entry","10":"has-media","12":"first","13":"instock","14":"taxable","15":"shipping-taxable","16":"purchasable","17":"product-type-simple","18":"has-product-nav","19":"col","20":"span_1_of_4","21":"owp-content-center","22":"owp-thumbs-layout-horizontal","23":"owp-btn-normal","24":"owp-tabs-layout-horizontal","25":"has-no-thumbnails"},"jetpack_sharing_enabled":true,"_links":{"self":[{"href":"https:\/\/hillbar.fr\/en\/wp-json\/wp\/v2\/product\/7655","targetHints":{"allow":["GET"]}}],"collection":[{"href":"https:\/\/hillbar.fr\/en\/wp-json\/wp\/v2\/product"}],"about":[{"href":"https:\/\/hillbar.fr\/en\/wp-json\/wp\/v2\/types\/product"}],"wp:featuredmedia":[{"embeddable":true,"href":"https:\/\/hillbar.fr\/en\/wp-json\/wp\/v2\/media\/7271"}],"wp:attachment":[{"href":"https:\/\/hillbar.fr\/en\/wp-json\/wp\/v2\/media?parent=7655"}],"wp:term":[{"taxonomy":"product_brand","embeddable":true,"href":"https:\/\/hillbar.fr\/en\/wp-json\/wp\/v2\/product_brand?post=7655"},{"taxonomy":"product_cat","embeddable":true,"href":"https:\/\/hillbar.fr\/en\/wp-json\/wp\/v2\/product_cat?post=7655"},{"taxonomy":"product_tag","embeddable":true,"href":"https:\/\/hillbar.fr\/en\/wp-json\/wp\/v2\/product_tag?post=7655"}],"curies":[{"name":"wp","href":"https:\/\/api.w.org\/{rel}","templated":true}]}}