{"id":7640,"date":"2021-05-01T10:46:47","date_gmt":"2021-05-01T09:46:47","guid":{"rendered":"https:\/\/hillbar.fr\/produit\/volcano-tiles\/"},"modified":"2023-02-07T11:14:20","modified_gmt":"2023-02-07T10:14:20","slug":"volcano-tiles","status":"publish","type":"product","link":"https:\/\/hillbar.fr\/en\/produit\/volcano-tiles\/","title":{"rendered":"Volcano tiles"},"content":{"rendered":"<p><strong>Ingredients:  <\/strong><br \/>\n<span data-sheets-value=\"{\"1\":2,\"2\":\"F\u00e8ves de cacao bio, sucre de betterave, caramel (sucre, cr\u00e8me, beurre, vanille, glucose), cacahu\u00e8tes caram\u00e9lis\u00e9es, poudre d\u2019or scintillante alimentaire (E171, E172)\"}\" data-sheets-userformat=\"{\"2\":12417,\"3\":{\"1\":0},\"10\":2,\"15\":\"Calibri\",\"16\":11}\">Organic cocoa beans, beet sugar, caramel (sugar, cream, butter, vanilla, glucose), caramelized peanuts, gold glitter powder (E171, E172)<\/span><\/p>\n<p>By 3<\/p>\n<p>No lecithin, no added cocoa butter. Made in a workshop using nuts, milk and gluten.<\/p>\n","protected":false},"excerpt":{"rendered":"<p><span data-sheets-value=\"{\"1\":2,\"2\":\"La tuile Vulcano c'est du caramel onctueux \u00e0 la vanille enrob\u00e9 de chocolat noir intense (origine So Tom\u00e9, 70%). Il par\u00eet m\u00eame que des cacahu\u00e8tes caram\u00e9lis\u00e9es se sont r\u00e9fugi\u00e9es \u00e0 l'int\u00e9rieur. Du craquant, du fondant, du croquant et surtout du gourmand!\"}\" data-sheets-userformat=\"{\"2\":15233,\"3\":{\"1\":0},\"10\":2,\"11\":0,\"12\":0,\"14\":{\"1\":2,\"2\":0},\"15\":\"Calibri, sans-serif\",\"16\":12}\">The Volcano tile is a creamy vanilla caramel coated with intense dark chocolate (Sao Tome origin, 70%). It is said that caramelized peanuts have even taken refuge inside. Crunchy, melting, crunchy and especially greedy!<\/span><\/p>\n<p>&nbsp;<\/p>\n","protected":false},"featured_media":6743,"template":"","meta":[],"product_brand":[],"product_cat":[133],"product_tag":[],"class_list":{"0":"post-7640","1":"product","2":"type-product","3":"status-publish","4":"has-post-thumbnail","6":"product_cat-chocolate","8":"entry","9":"has-media","11":"first","12":"instock","13":"taxable","14":"shipping-taxable","15":"purchasable","16":"product-type-simple","17":"has-product-nav","18":"col","19":"span_1_of_4","20":"owp-content-center","21":"owp-thumbs-layout-horizontal","22":"owp-btn-normal","23":"owp-tabs-layout-horizontal","24":"has-no-thumbnails"},"jetpack_sharing_enabled":true,"_links":{"self":[{"href":"https:\/\/hillbar.fr\/en\/wp-json\/wp\/v2\/product\/7640","targetHints":{"allow":["GET"]}}],"collection":[{"href":"https:\/\/hillbar.fr\/en\/wp-json\/wp\/v2\/product"}],"about":[{"href":"https:\/\/hillbar.fr\/en\/wp-json\/wp\/v2\/types\/product"}],"wp:featuredmedia":[{"embeddable":true,"href":"https:\/\/hillbar.fr\/en\/wp-json\/wp\/v2\/media\/6743"}],"wp:attachment":[{"href":"https:\/\/hillbar.fr\/en\/wp-json\/wp\/v2\/media?parent=7640"}],"wp:term":[{"taxonomy":"product_brand","embeddable":true,"href":"https:\/\/hillbar.fr\/en\/wp-json\/wp\/v2\/product_brand?post=7640"},{"taxonomy":"product_cat","embeddable":true,"href":"https:\/\/hillbar.fr\/en\/wp-json\/wp\/v2\/product_cat?post=7640"},{"taxonomy":"product_tag","embeddable":true,"href":"https:\/\/hillbar.fr\/en\/wp-json\/wp\/v2\/product_tag?post=7640"}],"curies":[{"name":"wp","href":"https:\/\/api.w.org\/{rel}","templated":true}]}}