{"id":7636,"date":"2020-11-01T09:53:41","date_gmt":"2020-11-01T08:53:41","guid":{"rendered":"https:\/\/hillbar.fr\/produit\/n3-piedmont-hazelnut-praline\/"},"modified":"2023-03-15T13:23:37","modified_gmt":"2023-03-15T12:23:37","slug":"n3-hazelnut-praline","status":"publish","type":"product","link":"https:\/\/hillbar.fr\/en\/produit\/n3-hazelnut-praline\/","title":{"rendered":"N3 Piedmont hazelnut praline"},"content":{"rendered":"<p><strong>Ingredients:  <\/strong><\/p>\n<p>IGP Piedmont hazelnuts (50%), sugar (50%)<\/p>\n<p><strong>Net weight:<\/strong> 150 g<\/p>\n","protected":false},"excerpt":{"rendered":"<p><span data-sheets-value=\"{\"1\":2,\"2\":\"Id\u00e9al pour accompagner vos pr\u00e9parations sucr\u00e9es, croustillants, cookies et autres p\u00e2tisseries... ou simplement nature sur une tartine ou un bol de Granola. \"}\" data-sheets-userformat=\"{\"2\":15233,\"3\":{\"1\":0},\"10\":2,\"11\":0,\"12\":0,\"14\":{\"1\":2,\"2\":0},\"15\":\"Calibri, sans-serif\",\"16\":12}\">Ideal to accompany your sweet preparations, crisps, cookies and other pastries &#8230; or simply plain on a slice of bread or a bowl of Granola.  <\/span><\/p>\n<p>&nbsp;<\/p>\n","protected":false},"featured_media":7312,"template":"","meta":[],"product_brand":[],"product_cat":[121,134],"product_tag":[],"class_list":{"0":"post-7636","1":"product","2":"type-product","3":"status-publish","4":"has-post-thumbnail","6":"product_cat-grocery-store","7":"product_cat-hazelnut","9":"entry","10":"has-media","12":"first","13":"instock","14":"taxable","15":"shipping-taxable","16":"purchasable","17":"product-type-simple","18":"has-product-nav","19":"col","20":"span_1_of_4","21":"owp-content-center","22":"owp-thumbs-layout-horizontal","23":"owp-btn-normal","24":"owp-tabs-layout-horizontal","25":"has-no-thumbnails"},"jetpack_sharing_enabled":true,"_links":{"self":[{"href":"https:\/\/hillbar.fr\/en\/wp-json\/wp\/v2\/product\/7636","targetHints":{"allow":["GET"]}}],"collection":[{"href":"https:\/\/hillbar.fr\/en\/wp-json\/wp\/v2\/product"}],"about":[{"href":"https:\/\/hillbar.fr\/en\/wp-json\/wp\/v2\/types\/product"}],"wp:featuredmedia":[{"embeddable":true,"href":"https:\/\/hillbar.fr\/en\/wp-json\/wp\/v2\/media\/7312"}],"wp:attachment":[{"href":"https:\/\/hillbar.fr\/en\/wp-json\/wp\/v2\/media?parent=7636"}],"wp:term":[{"taxonomy":"product_brand","embeddable":true,"href":"https:\/\/hillbar.fr\/en\/wp-json\/wp\/v2\/product_brand?post=7636"},{"taxonomy":"product_cat","embeddable":true,"href":"https:\/\/hillbar.fr\/en\/wp-json\/wp\/v2\/product_cat?post=7636"},{"taxonomy":"product_tag","embeddable":true,"href":"https:\/\/hillbar.fr\/en\/wp-json\/wp\/v2\/product_tag?post=7636"}],"curies":[{"name":"wp","href":"https:\/\/api.w.org\/{rel}","templated":true}]}}