{"id":7626,"date":"2020-11-01T09:51:59","date_gmt":"2020-11-01T08:51:59","guid":{"rendered":"https:\/\/hillbar.fr\/produit\/n2-piedmont-hazelnut-paste\/"},"modified":"2023-03-15T13:31:03","modified_gmt":"2023-03-15T12:31:03","slug":"n2-hazelnut-paste","status":"publish","type":"product","link":"https:\/\/hillbar.fr\/en\/produit\/n2-hazelnut-paste\/","title":{"rendered":"N2 Piedmont hazelnut paste"},"content":{"rendered":"<p><strong>Ingredients:  <\/strong><\/p>\n<p>Piedmont hazelnuts PGI (100%)<\/p>\n<p><strong>Net weight:<\/strong> 150 g<\/p>\n","protected":false},"excerpt":{"rendered":"<p><span data-sheets-value=\"{\"1\":2,\"2\":\"La pure p\u00e2te de noisette du pi\u00e9mont pourra accompagner de nombreuses recettes sucr\u00e9es, pannacotta, cookies, cake... Cette p\u00e2te renferme un go\u00fbt intense de noisettes du pi\u00e9mont et peu m\u00eame se d\u00e9guster pure dans la cuisiner. Par exmeple, tu peux l'utiliser comme topping sur le granola Hillbar pour ajouter encore plus de gourmandise \u00e0 ton p'tit d\u00e9j. \"}\" data-sheets-userformat=\"{\"2\":15233,\"3\":{\"1\":0},\"10\":2,\"11\":0,\"12\":0,\"14\":{\"1\":2,\"2\":0},\"15\":\"Calibri, sans-serif\",\"16\":12}\">The pure hazelnut paste of Piedmont will be able to accompany numerous sweet recipes, pannacotta, cookies, cake&#8230; This paste contains an intense taste of hazelnuts of Piedmont and can even be tasted pure in the kitchen. For example, you can use it as a topping on Hillbar granola to add even more deliciousness to your breakfast.  <\/span><\/p>\n<p>&nbsp;<\/p>\n","protected":false},"featured_media":11773,"template":"","meta":[],"product_brand":[],"product_cat":[121,134],"product_tag":[],"class_list":{"0":"post-7626","1":"product","2":"type-product","3":"status-publish","4":"has-post-thumbnail","6":"product_cat-grocery-store","7":"product_cat-hazelnut","9":"entry","10":"has-media","12":"first","13":"instock","14":"taxable","15":"shipping-taxable","16":"purchasable","17":"product-type-simple","18":"has-product-nav","19":"col","20":"span_1_of_4","21":"owp-content-center","22":"owp-thumbs-layout-horizontal","23":"owp-btn-normal","24":"owp-tabs-layout-horizontal","25":"has-no-thumbnails"},"jetpack_sharing_enabled":true,"_links":{"self":[{"href":"https:\/\/hillbar.fr\/en\/wp-json\/wp\/v2\/product\/7626","targetHints":{"allow":["GET"]}}],"collection":[{"href":"https:\/\/hillbar.fr\/en\/wp-json\/wp\/v2\/product"}],"about":[{"href":"https:\/\/hillbar.fr\/en\/wp-json\/wp\/v2\/types\/product"}],"wp:featuredmedia":[{"embeddable":true,"href":"https:\/\/hillbar.fr\/en\/wp-json\/wp\/v2\/media\/11773"}],"wp:attachment":[{"href":"https:\/\/hillbar.fr\/en\/wp-json\/wp\/v2\/media?parent=7626"}],"wp:term":[{"taxonomy":"product_brand","embeddable":true,"href":"https:\/\/hillbar.fr\/en\/wp-json\/wp\/v2\/product_brand?post=7626"},{"taxonomy":"product_cat","embeddable":true,"href":"https:\/\/hillbar.fr\/en\/wp-json\/wp\/v2\/product_cat?post=7626"},{"taxonomy":"product_tag","embeddable":true,"href":"https:\/\/hillbar.fr\/en\/wp-json\/wp\/v2\/product_tag?post=7626"}],"curies":[{"name":"wp","href":"https:\/\/api.w.org\/{rel}","templated":true}]}}