{"id":7621,"date":"2021-05-01T10:43:19","date_gmt":"2021-05-01T09:43:19","guid":{"rendered":"https:\/\/hillbar.fr\/produit\/dark-chocolate-rochers-70\/"},"modified":"2023-03-08T14:01:24","modified_gmt":"2023-03-08T13:01:24","slug":"rocks-chocolate-black-70","status":"publish","type":"product","link":"https:\/\/hillbar.fr\/en\/produit\/rocks-chocolate-black-70\/","title":{"rendered":"Dark Chocolate Rochers (70%)"},"content":{"rendered":"<p><strong>Ingredients:  <\/strong><br \/>\n<span data-sheets-value=\"{\"1\":2,\"2\":\"f\u00e8ves de cacao bio, sucre de betterave bio, noisettes caram\u00e9lis\u00e9es , brisure de cornet de glace, oranges confites, fleur de sel\"}\" data-sheets-userformat=\"{\"2\":14849,\"3\":{\"1\":0},\"12\":0,\"14\":{\"1\":2,\"2\":0},\"15\":\"Calibri, sans-serif\",\"16\":11}\">organic cocoa beans, organic beet sugar, caramelized hazelnuts, broken ice cream cone, candied oranges, fleur de sel<br \/>\n<\/span><\/p>\n<p><strong>Net weight:<\/strong> 100 g<\/p>\n<p>No lecithin, no added cocoa butter. Made in a workshop using nuts, milk and gluten.<\/p>\n<p>&nbsp;<\/p>\n","protected":false},"excerpt":{"rendered":"<p><span data-sheets-value=\"{\"1\":2,\"2\":\"Noisettes caram\u00e9lis\u00e9es, brisure de cornet de glace, oranges confites et fleur de sel, un go\u00fbt unique !\"}\" data-sheets-userformat=\"{\"2\":15233,\"3\":{\"1\":0},\"10\":2,\"11\":0,\"12\":0,\"14\":{\"1\":2,\"2\":0},\"15\":\"Calibri, sans-serif\",\"16\":12}\">Caramelized hazelnuts, broken ice cream cone, candied oranges and fleur de sel, a unique taste!<\/span><\/p>\n<p>&nbsp;<\/p>\n","protected":false},"featured_media":7032,"template":"","meta":[],"product_brand":[],"product_cat":[133],"product_tag":[],"class_list":{"0":"post-7621","1":"product","2":"type-product","3":"status-publish","4":"has-post-thumbnail","6":"product_cat-chocolate","8":"entry","9":"has-media","11":"first","12":"instock","13":"taxable","14":"shipping-taxable","15":"purchasable","16":"product-type-simple","17":"has-product-nav","18":"col","19":"span_1_of_4","20":"owp-content-center","21":"owp-thumbs-layout-horizontal","22":"owp-btn-normal","23":"owp-tabs-layout-horizontal"},"jetpack_sharing_enabled":true,"_links":{"self":[{"href":"https:\/\/hillbar.fr\/en\/wp-json\/wp\/v2\/product\/7621","targetHints":{"allow":["GET"]}}],"collection":[{"href":"https:\/\/hillbar.fr\/en\/wp-json\/wp\/v2\/product"}],"about":[{"href":"https:\/\/hillbar.fr\/en\/wp-json\/wp\/v2\/types\/product"}],"wp:featuredmedia":[{"embeddable":true,"href":"https:\/\/hillbar.fr\/en\/wp-json\/wp\/v2\/media\/7032"}],"wp:attachment":[{"href":"https:\/\/hillbar.fr\/en\/wp-json\/wp\/v2\/media?parent=7621"}],"wp:term":[{"taxonomy":"product_brand","embeddable":true,"href":"https:\/\/hillbar.fr\/en\/wp-json\/wp\/v2\/product_brand?post=7621"},{"taxonomy":"product_cat","embeddable":true,"href":"https:\/\/hillbar.fr\/en\/wp-json\/wp\/v2\/product_cat?post=7621"},{"taxonomy":"product_tag","embeddable":true,"href":"https:\/\/hillbar.fr\/en\/wp-json\/wp\/v2\/product_tag?post=7621"}],"curies":[{"name":"wp","href":"https:\/\/api.w.org\/{rel}","templated":true}]}}