{"id":7606,"date":"2021-05-01T10:02:24","date_gmt":"2021-05-01T09:02:24","guid":{"rendered":"https:\/\/hillbar.fr\/produit\/dark-chocolate-palets-70-caramelized-grue\/"},"modified":"2024-01-31T15:15:59","modified_gmt":"2024-01-31T14:15:59","slug":"palets-chocolate-black-70-crane-caramel","status":"publish","type":"product","link":"https:\/\/hillbar.fr\/en\/produit\/palets-chocolate-black-70-crane-caramel\/","title":{"rendered":"Dark chocolate palets (70%), caramelized gru\u00e9"},"content":{"rendered":"<p><strong>Ingredients:  <\/strong><\/p>\n<p><span data-sheets-value=\"{\"1\":2,\"2\":\"F\u00e8ves de cacao bio (70%), sucre (30%), gru\u00e9 caram\u00e9lis\u00e9 (f\u00e8ves et sucre)\"}\" data-sheets-userformat=\"{\"2\":15229,\"3\":{\"1\":0},\"5\":{\"1\":[{\"1\":2,\"2\":0,\"5\":{\"1\":2,\"2\":0}},{\"1\":0,\"2\":0,\"3\":3},{\"1\":1,\"2\":0,\"4\":1}]},\"6\":{\"1\":[{\"1\":2,\"2\":0,\"5\":{\"1\":2,\"2\":0}},{\"1\":0,\"2\":0,\"3\":3},{\"1\":1,\"2\":0,\"4\":1}]},\"7\":{\"1\":[{\"1\":2,\"2\":0,\"5\":{\"1\":2,\"2\":0}},{\"1\":0,\"2\":0,\"3\":3},{\"1\":1,\"2\":0,\"4\":1}]},\"8\":{\"1\":[{\"1\":2,\"2\":0,\"5\":{\"1\":2,\"2\":0}},{\"1\":0,\"2\":0,\"3\":3},{\"1\":1,\"2\":0,\"4\":1}]},\"9\":0,\"11\":4,\"12\":0,\"14\":{\"1\":2,\"2\":0},\"15\":\"Arial\",\"16\":11}\">Organic cocoa beans (70%), sugar (30%), caramelized chips (beans and sugar)<\/span><\/p>\n<p><strong>Net weight:<\/strong> 100 g<\/p>\n<p>No lecithin, no added cocoa butter. Made in a workshop using nuts, milk and gluten.<\/p>\n","protected":false},"excerpt":{"rendered":"<p><span data-sheets-value=\"{\"1\":2,\"2\":\"Un palet qui int\u00e8gre le croquant du gru\u00e9 caram\u00e9lis\u00e9 et le caract\u00e8re intense du chocolat noir (70%)\"}\" data-sheets-userformat=\"{\"2\":15233,\"3\":{\"1\":0},\"10\":2,\"11\":0,\"12\":0,\"14\":{\"1\":2,\"2\":0},\"15\":\"Calibri, sans-serif\",\"16\":12}\">A palet that combines the crunch of gru\u00e9 with the intense character of dark chocolate (70%).<\/span><\/p>\n<p>&nbsp;<\/p>\n","protected":false},"featured_media":7042,"template":"","meta":[],"product_brand":[],"product_cat":[133],"product_tag":[],"class_list":{"0":"post-7606","1":"product","2":"type-product","3":"status-publish","4":"has-post-thumbnail","6":"product_cat-chocolate","8":"entry","9":"has-media","11":"first","12":"instock","13":"taxable","14":"shipping-taxable","15":"purchasable","16":"product-type-simple","17":"has-product-nav","18":"col","19":"span_1_of_4","20":"owp-content-center","21":"owp-thumbs-layout-horizontal","22":"owp-btn-normal","23":"owp-tabs-layout-horizontal"},"jetpack_sharing_enabled":true,"_links":{"self":[{"href":"https:\/\/hillbar.fr\/en\/wp-json\/wp\/v2\/product\/7606","targetHints":{"allow":["GET"]}}],"collection":[{"href":"https:\/\/hillbar.fr\/en\/wp-json\/wp\/v2\/product"}],"about":[{"href":"https:\/\/hillbar.fr\/en\/wp-json\/wp\/v2\/types\/product"}],"wp:featuredmedia":[{"embeddable":true,"href":"https:\/\/hillbar.fr\/en\/wp-json\/wp\/v2\/media\/7042"}],"wp:attachment":[{"href":"https:\/\/hillbar.fr\/en\/wp-json\/wp\/v2\/media?parent=7606"}],"wp:term":[{"taxonomy":"product_brand","embeddable":true,"href":"https:\/\/hillbar.fr\/en\/wp-json\/wp\/v2\/product_brand?post=7606"},{"taxonomy":"product_cat","embeddable":true,"href":"https:\/\/hillbar.fr\/en\/wp-json\/wp\/v2\/product_cat?post=7606"},{"taxonomy":"product_tag","embeddable":true,"href":"https:\/\/hillbar.fr\/en\/wp-json\/wp\/v2\/product_tag?post=7606"}],"curies":[{"name":"wp","href":"https:\/\/api.w.org\/{rel}","templated":true}]}}